{"id":78,"date":"2020-04-24T11:45:59","date_gmt":"2020-04-24T11:45:59","guid":{"rendered":"https:\/\/www.flexitank.md\/?page_id=78"},"modified":"2020-06-12T17:17:48","modified_gmt":"2020-06-12T14:17:48","slug":"%d0%ba%d0%be%d0%bd%d1%82%d0%b0%d0%ba%d1%82%d1%8b","status":"publish","type":"page","link":"https:\/\/www.flexitank.md\/ro\/%d0%ba%d0%be%d0%bd%d1%82%d0%b0%d0%ba%d1%82%d1%8b\/","title":{"rendered":"Contacte"},"content":{"rendered":"<h2>Contacte<\/h2>\n<p>\t\t\u00a0<\/p>\n<h2 id=\"tw-target-text\" dir=\"ltr\" data-placeholder=\"\u041f\u0435\u0440\u0435\u0432\u043e\u0434\"><strong>Dragi clien\u021bi!<\/strong><\/h2>\n<p>V\u0103 rug\u0103m s\u0103 ne l\u0103sa\u021bi feedback cu privire la calitatea muncii noastre sau s\u0103 trimite\u021bi o solicitare. Fiecare apel va fi examinat \u00een detaliu de c\u0103tre exper\u021bii no\u0219tri prompt \u0219i eficient.<\/p>\n<h3>\n\t\t\t\t\tadresa<br \/>\n\t\t\t\t<\/h3>\n<\/p>\n<p>MD-2044 or.Chisinau str.Independentii 10\/1 of.62 <\/p>\n<h3>\n\t\t\t\t\tSuna\u021bi-ne<br \/>\n\t\t\t\t<\/h3>\n<\/p>\n<p>+373 79434344<\/p>\n<h3>\n\t\t\t\t\te-mail<br \/>\n\t\t\t\t<\/h3>\n<\/p>\n<p>office@flexitank.md<\/p>\n<p>\t\t\t<iframe frameborder=\"0\" scrolling=\"no\" marginheight=\"0\" marginwidth=\"0\" src=\"https:\/\/maps.google.com\/maps?q=Strada%20Independen%C8%9Bei%20%D0%9A%D0%B8%D1%88%D0%B8%D0%BD%D1%91%D0%B2%2C%20%D0%9C%D0%BE%D0%BB%D0%B4%D0%B0%D0%B2%D0%B8%D1%8F&#038;t=m&#038;z=10&#038;output=embed&#038;iwloc=near\" aria-label=\"Strada Independen\u021bei \u041a\u0438\u0448\u0438\u043d\u0451\u0432, \u041c\u043e\u043b\u0434\u0430\u0432\u0438\u044f\"><\/iframe><br \/>\n\t\t\t\t\t\t\t<a href=\"https:\/\/www.facebook.com\/flexitankmoldova\/\" target=\"_blank\" rel=\"noopener noreferrer\"><br \/>\n\t\t\t\t\tFacebook-f<br \/>\n\t\t\t\t\t\t\t\t\t<\/a><br \/>\n\t\t\t\t\t\t\t<a href=\"https:\/\/wa.me\/+37379434344\" target=\"_blank\" rel=\"noopener noreferrer\"><br \/>\n\t\t\t\t\tWhatsapp<br \/>\n\t\t\t\t\t\t\t\t\t<\/a><br \/>\n\t\t\t\t\t\t\t<a href=\"https:\/\/www.youtube.com\/channel\/UCNLjM8YLHKbFkXxksb_L5CQ\" target=\"_blank\" rel=\"noopener noreferrer\"><br \/>\n\t\t\t\t\tYoutube<br \/>\n\t\t\t\t\t\t\t\t\t<\/a><br \/>\n\t\t\t\t\t\t\t<a href=\"https:\/\/www.instagram.com\/flexitankmoldova\/\" target=\"_blank\" rel=\"noopener noreferrer\"><br \/>\n\t\t\t\t\tInstagram<br \/>\n\t\t\t\t\t\t\t\t\t<\/a><\/p>\n","protected":false},"excerpt":{"rendered":"<p>Contacte \u00a0 Dragi clien\u021bi! V\u0103 rug\u0103m s\u0103 ne l\u0103sa\u021bi feedback cu privire la calitatea muncii noastre sau s\u0103 trimite\u021bi o solicitare. Fiecare apel va fi examinat \u00een detaliu de c\u0103tre exper\u021bii no\u0219tri prompt \u0219i eficient. adresa MD-2044 or.Chisinau str.Independentii 10\/1 of.62 Suna\u021bi-ne +373 79434344 e-mail office@flexitank.md Facebook-f Whatsapp Youtube Instagram<\/p>\n","protected":false},"author":1,"featured_media":0,"parent":0,"menu_order":0,"comment_status":"closed","ping_status":"closed","template":"","meta":{"_exactmetrics_skip_tracking":false,"_exactmetrics_sitenote_active":false,"_exactmetrics_sitenote_note":"","_exactmetrics_sitenote_category":0,"_monsterinsights_skip_tracking":false,"_monsterinsights_sitenote_active":false,"_monsterinsights_sitenote_note":"","_monsterinsights_sitenote_category":0,"footnotes":""},"class_list":["post-78","page","type-page","status-publish","hentry"],"translation":{"provider":"WPGlobus","version":"3.0.2","language":"ro","enabled_languages":["ru","en","de","ro"],"languages":{"ru":{"title":true,"content":true,"excerpt":false},"en":{"title":true,"content":true,"excerpt":false},"de":{"title":true,"content":true,"excerpt":false},"ro":{"title":true,"content":true,"excerpt":false}}},"aioseo_notices":[],"_links":{"self":[{"href":"https:\/\/www.flexitank.md\/ro\/wp-json\/wp\/v2\/pages\/78","targetHints":{"allow":["GET"]}}],"collection":[{"href":"https:\/\/www.flexitank.md\/ro\/wp-json\/wp\/v2\/pages"}],"about":[{"href":"https:\/\/www.flexitank.md\/ro\/wp-json\/wp\/v2\/types\/page"}],"author":[{"embeddable":true,"href":"https:\/\/www.flexitank.md\/ro\/wp-json\/wp\/v2\/users\/1"}],"replies":[{"embeddable":true,"href":"https:\/\/www.flexitank.md\/ro\/wp-json\/wp\/v2\/comments?post=78"}],"version-history":[{"count":37,"href":"https:\/\/www.flexitank.md\/ro\/wp-json\/wp\/v2\/pages\/78\/revisions"}],"predecessor-version":[{"id":560,"href":"https:\/\/www.flexitank.md\/ro\/wp-json\/wp\/v2\/pages\/78\/revisions\/560"}],"wp:attachment":[{"href":"https:\/\/www.flexitank.md\/ro\/wp-json\/wp\/v2\/media?parent=78"}],"curies":[{"name":"wp","href":"https:\/\/api.w.org\/{rel}","templated":true}]}}