{"id":74,"date":"2020-04-24T09:47:08","date_gmt":"2020-04-24T06:47:08","guid":{"rendered":"https:\/\/www.flexitank.md\/?page_id=74"},"modified":"2020-05-17T13:53:54","modified_gmt":"2020-05-17T10:53:54","slug":"%d0%be-%d0%bd%d0%b0%d1%81","status":"publish","type":"page","link":"https:\/\/www.flexitank.md\/ro\/%d0%be-%d0%bd%d0%b0%d1%81\/","title":{"rendered":"DESPRE NOI"},"content":{"rendered":"<h2>LKW LOGISTICS SEA<\/h2>\n<ul>\n<li>Este o companie de transport \u0219i logistic\u0103 modern\u0103 \u0219i ambi\u021bioas\u0103 care serve\u0219te clien\u021bi din \u00eentreaga lume..<\/li>\n<\/ul>\n<ul>\n<li><b>LKW LOGISTICS SEA\u00a0<\/b> este un furnizor \u00een dezvoltare dinamic\u0103 de servicii logistice integrate pentru companii moldovene\u0219ti \u0219i interna\u021bionale din diverse sectoare, men\u021bin\u00e2nd \u00een acela\u0219i timp respectarea standardelor europene de calitate \u0219i servicii.<\/li>\n<\/ul>\n<ul>\n<li>Aleg\u00e2nd compania LKW LOGISTICS SEA, pute\u021bi fi sigur de siguran\u021ba complet\u0103 a \u00eenc\u0103rc\u0103turii dvs. \u0219i de termenul exact de livrare la destina\u021bie.<\/li>\n<\/ul>\n<h2>Echipa noastr\u0103<\/h2>\n<ul>\n<li>Compania noastr\u0103 este format\u0103 din speciali\u0219ti \u00een domeniul solu\u021biilor integrate pentru sarcini logistice pentru sprijin logistic complet, cu experien\u021b\u0103 \u00een organiza\u021bii mari<\/li>\n<li>Datorit\u0103 unei echipe puternice \u0219i a partenerilor de \u00eencredere, echipa noastr\u0103 ofer\u0103 confort, profesionalism \u0219i o solu\u021bie rapid\u0103 pentru diverse situa\u021bii dificile.<\/li>\n<li>P\u0103strarea cuv\u00e2ntului dvs. este unul dintre cele mai importante principii ale companiei noastre. P\u0103strarea cuv\u00e2ntului \u00eenseamn\u0103 respectarea sincer\u0103 a acordului, \u00eendeplinirea promisiunii. Partenerii no\u0219tri au \u00eencredere \u00een noi, \u00eencredin\u021b\u00e2nd solu\u021bia sarcinilor lor logistice.<\/li>\n<\/ul>\n<h1>CALITATE<\/h1>\n<h3>STABILITATE<\/h3>\n<h3>LOIALITATE<\/h3>\n<h1>Principalele obiective ale companiei<\/h1>\n<ul>\n<li style=\"text-align: left;\"><strong>SCOPUL EXCELEN\u021aEI<\/strong><\/li>\n<li style=\"text-align: left;\"><strong>\u00ceNC\u0102LCARE DOAR \u00ceNAINTE<\/strong><\/li>\n<li style=\"text-align: left;\"><strong>SUCCESUL CLIENTULUI<\/strong><\/li>\n<\/ul>\n<p>\t\t\t\t\t\t\t\t\t\t<img fetchpriority=\"high\" decoding=\"async\" width=\"1600\" height=\"1281\" src=\"https:\/\/www.flexitank.md\/wp-content\/uploads\/2020\/04\/legarta-team-kvadrat.jpg\" alt=\"\" srcset=\"https:\/\/www.flexitank.md\/wp-content\/uploads\/2020\/04\/legarta-team-kvadrat.jpg 1600w, https:\/\/www.flexitank.md\/wp-content\/uploads\/2020\/04\/legarta-team-kvadrat-600x480.jpg 600w, https:\/\/www.flexitank.md\/wp-content\/uploads\/2020\/04\/legarta-team-kvadrat-300x240.jpg 300w, https:\/\/www.flexitank.md\/wp-content\/uploads\/2020\/04\/legarta-team-kvadrat-1024x820.jpg 1024w, https:\/\/www.flexitank.md\/wp-content\/uploads\/2020\/04\/legarta-team-kvadrat-768x615.jpg 768w, https:\/\/www.flexitank.md\/wp-content\/uploads\/2020\/04\/legarta-team-kvadrat-1536x1230.jpg 1536w, https:\/\/www.flexitank.md\/wp-content\/uploads\/2020\/04\/legarta-team-kvadrat-1x1.jpg 1w\" sizes=\"(max-width: 1600px) 100vw, 1600px\" \/><br \/>\n\t\t\t\t\t\t\t<a href=\"https:\/\/www.facebook.com\/flexitankmoldova\/\" target=\"_blank\" rel=\"noopener noreferrer\"><br \/>\n\t\t\t\t\tFacebook-f<br \/>\n\t\t\t\t\t\t\t\t\t<\/a><br \/>\n\t\t\t\t\t\t\t<a href=\"https:\/\/wa.me\/+37379434344\" target=\"_blank\" rel=\"noopener noreferrer\"><br \/>\n\t\t\t\t\tWhatsapp<br \/>\n\t\t\t\t\t\t\t\t\t<\/a><br \/>\n\t\t\t\t\t\t\t<a href=\"https:\/\/www.instagram.com\/flexitankmoldova\/\" target=\"_blank\" rel=\"noopener noreferrer\"><br \/>\n\t\t\t\t\tInstagram<br \/>\n\t\t\t\t\t\t\t\t\t<\/a><br \/>\n\t\t\t\t\t\t\t<a href=\"https:\/\/www.youtube.com\/channel\/UCNLjM8YLHKbFkXxksb_L5CQ\" target=\"_blank\" rel=\"noopener noreferrer\"><br \/>\n\t\t\t\t\tYoutube<br \/>\n\t\t\t\t\t\t\t\t\t<\/a><\/p>\n","protected":false},"excerpt":{"rendered":"<p>LKW LOGISTICS SEA Este o companie de transport \u0219i logistic\u0103 modern\u0103 \u0219i ambi\u021bioas\u0103 care serve\u0219te clien\u021bi din \u00eentreaga lume.. LKW LOGISTICS SEA\u00a0 este un furnizor \u00een dezvoltare dinamic\u0103 de servicii logistice integrate pentru companii moldovene\u0219ti \u0219i interna\u021bionale din diverse sectoare, men\u021bin\u00e2nd \u00een acela\u0219i timp respectarea standardelor europene de calitate \u0219i servicii. Aleg\u00e2nd compania LKW LOGISTICS [&hellip;]<\/p>\n","protected":false},"author":1,"featured_media":0,"parent":0,"menu_order":0,"comment_status":"closed","ping_status":"closed","template":"","meta":{"_exactmetrics_skip_tracking":false,"_exactmetrics_sitenote_active":false,"_exactmetrics_sitenote_note":"","_exactmetrics_sitenote_category":0,"_monsterinsights_skip_tracking":false,"_monsterinsights_sitenote_active":false,"_monsterinsights_sitenote_note":"","_monsterinsights_sitenote_category":0,"footnotes":""},"class_list":["post-74","page","type-page","status-publish","hentry"],"translation":{"provider":"WPGlobus","version":"3.0.2","language":"ro","enabled_languages":["ru","en","de","ro"],"languages":{"ru":{"title":true,"content":true,"excerpt":false},"en":{"title":true,"content":true,"excerpt":false},"de":{"title":true,"content":true,"excerpt":false},"ro":{"title":true,"content":true,"excerpt":false}}},"aioseo_notices":[],"_links":{"self":[{"href":"https:\/\/www.flexitank.md\/ro\/wp-json\/wp\/v2\/pages\/74","targetHints":{"allow":["GET"]}}],"collection":[{"href":"https:\/\/www.flexitank.md\/ro\/wp-json\/wp\/v2\/pages"}],"about":[{"href":"https:\/\/www.flexitank.md\/ro\/wp-json\/wp\/v2\/types\/page"}],"author":[{"embeddable":true,"href":"https:\/\/www.flexitank.md\/ro\/wp-json\/wp\/v2\/users\/1"}],"replies":[{"embeddable":true,"href":"https:\/\/www.flexitank.md\/ro\/wp-json\/wp\/v2\/comments?post=74"}],"version-history":[{"count":14,"href":"https:\/\/www.flexitank.md\/ro\/wp-json\/wp\/v2\/pages\/74\/revisions"}],"predecessor-version":[{"id":519,"href":"https:\/\/www.flexitank.md\/ro\/wp-json\/wp\/v2\/pages\/74\/revisions\/519"}],"wp:attachment":[{"href":"https:\/\/www.flexitank.md\/ro\/wp-json\/wp\/v2\/media?parent=74"}],"curies":[{"name":"wp","href":"https:\/\/api.w.org\/{rel}","templated":true}]}}