{"id":281,"date":"2020-05-02T11:15:24","date_gmt":"2020-05-02T08:15:24","guid":{"rendered":"https:\/\/www.flexitank.md\/?page_id=281"},"modified":"2020-05-14T21:07:14","modified_gmt":"2020-05-14T18:07:14","slug":"auto","status":"publish","type":"page","link":"https:\/\/www.flexitank.md\/ro\/auto\/","title":{"rendered":"Transport auto"},"content":{"rendered":"<h2>Transportul auto de marf\u0103 vrac din Moldova \u00een Europa \u0219i CSI<\/h2>\n<h2>Transport interna\u021bional<\/h2>\n<p style=\"text-align: center;\">Transportul interna\u021bional de m\u0103rfuri vrac lichide este una dintre priorit\u0103\u021bile LKW LOGISTICS SEA. Oferim servicii de transport cistern\u0103 pentru marf\u0103 vrac. Compania noastr\u0103 transport\u0103, distileaz\u0103, b\u0103uturi alcoolice, ap\u0103, concentrate, sucuri, melas\u0103, m\u0103rfuri lichide precum piure de cartofi, uleiuri comestibile, kvass, lapte proasp\u0103t \u0219i concentrat \u0219i multe altele<\/p>\n<style type=\"text\/css\">\n\t\t\t#gallery-1 {\n\t\t\t\tmargin: auto;\n\t\t\t}\n\t\t\t#gallery-1 .gallery-item {\n\t\t\t\tfloat: left;\n\t\t\t\tmargin-top: 10px;\n\t\t\t\ttext-align: center;\n\t\t\t\twidth: 33%;\n\t\t\t}\n\t\t\t#gallery-1 img {\n\t\t\t\tborder: 2px solid #cfcfcf;\n\t\t\t}\n\t\t\t#gallery-1 .gallery-caption {\n\t\t\t\tmargin-left: 0;\n\t\t\t}\n\t\t\t\/* see gallery_shortcode() in wp-includes\/media.php *\/\n\t\t<\/style>\n<dl class='gallery-item'>\n<dt class='gallery-icon landscape'>\n\t\t\t\t<a data-elementor-open-lightbox=\"yes\" data-elementor-lightbox-slideshow=\"411a7868\" data-elementor-lightbox-title=\"daf-xf-euro-6_2\" href='https:\/\/www.flexitank.md\/wp-content\/uploads\/2020\/05\/daf-xf-euro-6_2.jpg'><img decoding=\"async\" width=\"150\" height=\"150\" src=\"https:\/\/www.flexitank.md\/wp-content\/uploads\/2020\/05\/daf-xf-euro-6_2-150x150.jpg\" alt=\"\" srcset=\"https:\/\/www.flexitank.md\/wp-content\/uploads\/2020\/05\/daf-xf-euro-6_2-150x150.jpg 150w, https:\/\/www.flexitank.md\/wp-content\/uploads\/2020\/05\/daf-xf-euro-6_2-1x1.jpg 1w, https:\/\/www.flexitank.md\/wp-content\/uploads\/2020\/05\/daf-xf-euro-6_2-300x300.jpg 300w, https:\/\/www.flexitank.md\/wp-content\/uploads\/2020\/05\/daf-xf-euro-6_2-100x100.jpg 100w\" sizes=\"(max-width: 150px) 100vw, 150px\" \/><\/a>\n\t\t\t<\/dt>\n<\/dl>\n<dl class='gallery-item'>\n<dt class='gallery-icon landscape'>\n\t\t\t\t<a data-elementor-open-lightbox=\"yes\" data-elementor-lightbox-slideshow=\"411a7868\" data-elementor-lightbox-title=\"avtocisterny-dlya-perevozki-pischevyh-zhidkostey\" href='https:\/\/www.flexitank.md\/wp-content\/uploads\/2020\/05\/avtocisterny-dlya-perevozki-pischevyh-zhidkostey.jpg'><img decoding=\"async\" width=\"150\" height=\"150\" src=\"https:\/\/www.flexitank.md\/wp-content\/uploads\/2020\/05\/avtocisterny-dlya-perevozki-pischevyh-zhidkostey-150x150.jpg\" alt=\"\" srcset=\"https:\/\/www.flexitank.md\/wp-content\/uploads\/2020\/05\/avtocisterny-dlya-perevozki-pischevyh-zhidkostey-150x150.jpg 150w, https:\/\/www.flexitank.md\/wp-content\/uploads\/2020\/05\/avtocisterny-dlya-perevozki-pischevyh-zhidkostey-1x1.jpg 1w, https:\/\/www.flexitank.md\/wp-content\/uploads\/2020\/05\/avtocisterny-dlya-perevozki-pischevyh-zhidkostey-300x300.jpg 300w, https:\/\/www.flexitank.md\/wp-content\/uploads\/2020\/05\/avtocisterny-dlya-perevozki-pischevyh-zhidkostey-100x100.jpg 100w\" sizes=\"(max-width: 150px) 100vw, 150px\" \/><\/a>\n\t\t\t<\/dt>\n<\/dl>\n<dl class='gallery-item'>\n<dt class='gallery-icon landscape'>\n\t\t\t\t<a data-elementor-open-lightbox=\"yes\" data-elementor-lightbox-slideshow=\"411a7868\" data-elementor-lightbox-title=\"\u043f\u0438\u0449\u0430\" href='https:\/\/www.flexitank.md\/wp-content\/uploads\/2020\/05\/\u043f\u0438\u0449\u0430.jpg'><img decoding=\"async\" width=\"150\" height=\"150\" src=\"https:\/\/www.flexitank.md\/wp-content\/uploads\/2020\/05\/\u043f\u0438\u0449\u0430-150x150.jpg\" alt=\"\" srcset=\"https:\/\/www.flexitank.md\/wp-content\/uploads\/2020\/05\/\u043f\u0438\u0449\u0430-150x150.jpg 150w, https:\/\/www.flexitank.md\/wp-content\/uploads\/2020\/05\/\u043f\u0438\u0449\u0430-1x1.jpg 1w, https:\/\/www.flexitank.md\/wp-content\/uploads\/2020\/05\/\u043f\u0438\u0449\u0430-300x300.jpg 300w, https:\/\/www.flexitank.md\/wp-content\/uploads\/2020\/05\/\u043f\u0438\u0449\u0430-100x100.jpg 100w\" sizes=\"(max-width: 150px) 100vw, 150px\" \/><\/a>\n\t\t\t<\/dt>\n<\/dl>\n<p><br style=\"clear: both\" \/><\/p>\n<dl class='gallery-item'>\n<dt class='gallery-icon landscape'>\n\t\t\t\t<a data-elementor-open-lightbox=\"yes\" data-elementor-lightbox-slideshow=\"411a7868\" data-elementor-lightbox-title=\"\u0422\u0430\u043d\u043a-\u043a\u043e\u043d\u0442\u0435\u0439\u043d\u0435\u0440-\u0434\u043b\u044f-\u043f\u0435\u0440\u0435\u0432\u043e\u0437\u043a\u0438-\u043d\u0430\u043b\u0438\u0432\u043d\u044b\u0445-\u0433\u0440\u0443\u0437\u043e\u0432\" href='https:\/\/www.flexitank.md\/wp-content\/uploads\/2020\/05\/\u0422\u0430\u043d\u043a-\u043a\u043e\u043d\u0442\u0435\u0439\u043d\u0435\u0440-\u0434\u043b\u044f-\u043f\u0435\u0440\u0435\u0432\u043e\u0437\u043a\u0438-\u043d\u0430\u043b\u0438\u0432\u043d\u044b\u0445-\u0433\u0440\u0443\u0437\u043e\u0432.jpg'><img loading=\"lazy\" decoding=\"async\" width=\"150\" height=\"150\" src=\"https:\/\/www.flexitank.md\/wp-content\/uploads\/2020\/05\/\u0422\u0430\u043d\u043a-\u043a\u043e\u043d\u0442\u0435\u0439\u043d\u0435\u0440-\u0434\u043b\u044f-\u043f\u0435\u0440\u0435\u0432\u043e\u0437\u043a\u0438-\u043d\u0430\u043b\u0438\u0432\u043d\u044b\u0445-\u0433\u0440\u0443\u0437\u043e\u0432-150x150.jpg\" alt=\"\" srcset=\"https:\/\/www.flexitank.md\/wp-content\/uploads\/2020\/05\/\u0422\u0430\u043d\u043a-\u043a\u043e\u043d\u0442\u0435\u0439\u043d\u0435\u0440-\u0434\u043b\u044f-\u043f\u0435\u0440\u0435\u0432\u043e\u0437\u043a\u0438-\u043d\u0430\u043b\u0438\u0432\u043d\u044b\u0445-\u0433\u0440\u0443\u0437\u043e\u0432-150x150.jpg 150w, https:\/\/www.flexitank.md\/wp-content\/uploads\/2020\/05\/\u0422\u0430\u043d\u043a-\u043a\u043e\u043d\u0442\u0435\u0439\u043d\u0435\u0440-\u0434\u043b\u044f-\u043f\u0435\u0440\u0435\u0432\u043e\u0437\u043a\u0438-\u043d\u0430\u043b\u0438\u0432\u043d\u044b\u0445-\u0433\u0440\u0443\u0437\u043e\u0432-1x1.jpg 1w, https:\/\/www.flexitank.md\/wp-content\/uploads\/2020\/05\/\u0422\u0430\u043d\u043a-\u043a\u043e\u043d\u0442\u0435\u0439\u043d\u0435\u0440-\u0434\u043b\u044f-\u043f\u0435\u0440\u0435\u0432\u043e\u0437\u043a\u0438-\u043d\u0430\u043b\u0438\u0432\u043d\u044b\u0445-\u0433\u0440\u0443\u0437\u043e\u0432-300x300.jpg 300w, https:\/\/www.flexitank.md\/wp-content\/uploads\/2020\/05\/\u0422\u0430\u043d\u043a-\u043a\u043e\u043d\u0442\u0435\u0439\u043d\u0435\u0440-\u0434\u043b\u044f-\u043f\u0435\u0440\u0435\u0432\u043e\u0437\u043a\u0438-\u043d\u0430\u043b\u0438\u0432\u043d\u044b\u0445-\u0433\u0440\u0443\u0437\u043e\u0432-100x100.jpg 100w\" sizes=\"(max-width: 150px) 100vw, 150px\" \/><\/a>\n\t\t\t<\/dt>\n<\/dl>\n<dl class='gallery-item'>\n<dt class='gallery-icon landscape'>\n\t\t\t\t<a data-elementor-open-lightbox=\"yes\" data-elementor-lightbox-slideshow=\"411a7868\" data-elementor-lightbox-title=\"392295\" href='https:\/\/www.flexitank.md\/wp-content\/uploads\/2020\/04\/392295.jpg'><img loading=\"lazy\" decoding=\"async\" width=\"150\" height=\"150\" src=\"https:\/\/www.flexitank.md\/wp-content\/uploads\/2020\/04\/392295-150x150.jpg\" alt=\"\" srcset=\"https:\/\/www.flexitank.md\/wp-content\/uploads\/2020\/04\/392295-150x150.jpg 150w, https:\/\/www.flexitank.md\/wp-content\/uploads\/2020\/04\/392295-300x300.jpg 300w, https:\/\/www.flexitank.md\/wp-content\/uploads\/2020\/04\/392295-100x100.jpg 100w, https:\/\/www.flexitank.md\/wp-content\/uploads\/2020\/04\/392295-1x1.jpg 1w\" sizes=\"(max-width: 150px) 100vw, 150px\" \/><\/a>\n\t\t\t<\/dt>\n<\/dl>\n<dl class='gallery-item'>\n<dt class='gallery-icon landscape'>\n\t\t\t\t<a data-elementor-open-lightbox=\"yes\" data-elementor-lightbox-slideshow=\"411a7868\" data-elementor-lightbox-title=\"prodat-avtocisternu\" href='https:\/\/www.flexitank.md\/wp-content\/uploads\/2020\/04\/prodat-avtocisternu.jpg'><img loading=\"lazy\" decoding=\"async\" width=\"150\" height=\"150\" src=\"https:\/\/www.flexitank.md\/wp-content\/uploads\/2020\/04\/prodat-avtocisternu-150x150.jpg\" alt=\"\" srcset=\"https:\/\/www.flexitank.md\/wp-content\/uploads\/2020\/04\/prodat-avtocisternu-150x150.jpg 150w, https:\/\/www.flexitank.md\/wp-content\/uploads\/2020\/04\/prodat-avtocisternu-300x300.jpg 300w, https:\/\/www.flexitank.md\/wp-content\/uploads\/2020\/04\/prodat-avtocisternu-100x100.jpg 100w, https:\/\/www.flexitank.md\/wp-content\/uploads\/2020\/04\/prodat-avtocisternu-1x1.jpg 1w\" sizes=\"(max-width: 150px) 100vw, 150px\" \/><\/a>\n\t\t\t<\/dt>\n<\/dl>\n<p><br style=\"clear: both\" \/><\/p>\n<h2>Livrare de marf\u0103 \u00een vrac din Moldova \u00een Europa, CSI \u0219i Asia.<\/h2>\n<p>Transportul de m\u0103rfuri lichide \u00een str\u0103in\u0103tate este un tip destul de specific de transport de marf\u0103. Pu\u021bine companii de transport ofer\u0103 servicii de acest tip, \u00een special \u00een traficul interna\u021bional. Compania de transport \u201eLKW LOGISITCS SEA\u201d SRL are o experien\u021b\u0103 de munc\u0103 solid\u0103, un personal de angaja\u021bi cu \u00eenalt\u0103 calificare, care sunt competen\u021bi s\u0103 organizeze transportul oric\u0103rei m\u0103rfuri \u00een vrac.<\/p>\n<figure><img decoding=\"async\" src=\"https:\/\/www.flexitank.md\/wp-content\/uploads\/elementor\/thumbs\/Trucks_Scania_S_650_Red_Motion_533594_3840x2400-min-scaled-oohtfz6u3tsdcl9e6ex7vga8g8hn5835g0ujbqkblw.jpg\" alt=\"Trucks_Scania_S_650_Red_Motion_533594_3840x2400-min\" \/><\/figure>\n<figure><img decoding=\"async\" src=\"https:\/\/www.flexitank.md\/wp-content\/uploads\/elementor\/thumbs\/392295-oohri2wvwc3s0gsfbp8xyl9a7r01rhlpi2fpm078as.jpg\" alt=\"392295\" \/><\/figure>\n<figure><img decoding=\"async\" src=\"https:\/\/www.flexitank.md\/wp-content\/uploads\/elementor\/thumbs\/prodat-avtocisternu-oohr29aouqg0krrtpv10zkzy88zm6wsdbr3gsbnt1g.jpg\" alt=\"prodat-avtocisternu\" \/><\/figure>\n<p>\t\t\t\t\t\t\u041d\u0430\u0437\u0430\u0434<br \/>\n\t\t\t\t\t\t\u0412\u0440\u0435\u0440\u0451\u0434<\/p>\n","protected":false},"excerpt":{"rendered":"<p>Transportul auto de marf\u0103 vrac din Moldova \u00een Europa \u0219i CSI Transport interna\u021bional Transportul interna\u021bional de m\u0103rfuri vrac lichide este una dintre priorit\u0103\u021bile LKW LOGISTICS SEA. Oferim servicii de transport cistern\u0103 pentru marf\u0103 vrac. Compania noastr\u0103 transport\u0103, distileaz\u0103, b\u0103uturi alcoolice, ap\u0103, concentrate, sucuri, melas\u0103, m\u0103rfuri lichide precum piure de cartofi, uleiuri comestibile, kvass, lapte proasp\u0103t [&hellip;]<\/p>\n","protected":false},"author":1,"featured_media":0,"parent":0,"menu_order":0,"comment_status":"closed","ping_status":"closed","template":"","meta":{"_exactmetrics_skip_tracking":false,"_exactmetrics_sitenote_active":false,"_exactmetrics_sitenote_note":"","_exactmetrics_sitenote_category":0,"_monsterinsights_skip_tracking":false,"_monsterinsights_sitenote_active":false,"_monsterinsights_sitenote_note":"","_monsterinsights_sitenote_category":0,"footnotes":""},"class_list":["post-281","page","type-page","status-publish","hentry"],"translation":{"provider":"WPGlobus","version":"3.0.2","language":"ro","enabled_languages":["ru","en","de","ro"],"languages":{"ru":{"title":true,"content":true,"excerpt":false},"en":{"title":true,"content":true,"excerpt":false},"de":{"title":true,"content":true,"excerpt":false},"ro":{"title":true,"content":true,"excerpt":false}}},"aioseo_notices":[],"_links":{"self":[{"href":"https:\/\/www.flexitank.md\/ro\/wp-json\/wp\/v2\/pages\/281","targetHints":{"allow":["GET"]}}],"collection":[{"href":"https:\/\/www.flexitank.md\/ro\/wp-json\/wp\/v2\/pages"}],"about":[{"href":"https:\/\/www.flexitank.md\/ro\/wp-json\/wp\/v2\/types\/page"}],"author":[{"embeddable":true,"href":"https:\/\/www.flexitank.md\/ro\/wp-json\/wp\/v2\/users\/1"}],"replies":[{"embeddable":true,"href":"https:\/\/www.flexitank.md\/ro\/wp-json\/wp\/v2\/comments?post=281"}],"version-history":[{"count":15,"href":"https:\/\/www.flexitank.md\/ro\/wp-json\/wp\/v2\/pages\/281\/revisions"}],"predecessor-version":[{"id":430,"href":"https:\/\/www.flexitank.md\/ro\/wp-json\/wp\/v2\/pages\/281\/revisions\/430"}],"wp:attachment":[{"href":"https:\/\/www.flexitank.md\/ro\/wp-json\/wp\/v2\/media?parent=281"}],"curies":[{"name":"wp","href":"https:\/\/api.w.org\/{rel}","templated":true}]}}