{"id":201,"date":"2020-04-28T12:46:14","date_gmt":"2020-04-28T09:46:14","guid":{"rendered":"https:\/\/www.flexitank.md\/?page_id=201"},"modified":"2021-03-10T17:10:44","modified_gmt":"2021-03-10T14:10:44","slug":"%d1%83%d1%81%d0%bb%d1%83%d0%b3%d0%b8","status":"publish","type":"page","link":"https:\/\/www.flexitank.md\/ro\/%d1%83%d1%81%d0%bb%d1%83%d0%b3%d0%b8\/","title":{"rendered":"Servicii"},"content":{"rendered":"<p>\n\t\t\t\t\tLKW LOGISTICS SEA\n\t\t\t\t<\/p>\n<h2>SERVICIILE NOASTRE<\/h2>\n<p>Oferim servicii \u00een domeniul transportului de containere \u0219i al transportului rutier \u00een Moldova. Expediere de m\u0103rfuri. Transport de marf\u0103 vrac. Transport de flexitanks. Transport multimodal. Transportul de alcool \u0219i distilate.<\/p>\n<figure><a href=\"https:\/\/www.flexitank.md\/flexitank\/\"><img decoding=\"async\" src=\"https:\/\/www.flexitank.md\/wp-content\/uploads\/elementor\/thumbs\/20FT-Container-Flexitank-for-Transporting-Non-Hazardous-Liquid-Laf-Flexitank-oohqzq4cfsz7alg9i9m7rq08lvh0g9qen7td8hezt0.jpg\" title=\"20FT-Container-Flexitank-for-Transporting-Non-Hazardous-Liquid-Laf-Flexitank\" alt=\"20FT-Container-Flexitank-for-Transporting-Non-Hazardous-Liquid-Laf-Flexitank\" \/><\/a><\/figure>\n<h3><a href=\"https:\/\/www.flexitank.md\/flexitank\/\">FLEXITANK<\/a><\/h3>\n<p>Mul\u021bi ani de experien\u021b\u0103 \u00een transportul vinului \u00een flexitank. \u201eLKW LOGISTICS SEA\u201d SRL este compania nr. 1 din Moldova, care ofer\u0103 un serviciu complet pentru transportul de marf\u0103 vrac \u00een flexitanks. Efectu\u0103m transport \u00een flexitanks.Material pentru vin \/ Ulei de floarea soarelui \/ suc, etc. Flexitank este o oportunitate pentru a v\u0103 muta marfa vrac.<\/p>\n<p>\t\t\t<a href=\"https:\/\/www.flexitank.md\/flexitank\/\" role=\"button\"><br \/>\n\t\t\t\t\t\t\u041f\u043e\u0434\u0440\u043e\u0431\u043d\u0435\u0435<br \/>\n\t\t\t\t\t<\/a><\/p>\n<figure><a href=\"https:\/\/www.flexitank.md\/container\/\"><img decoding=\"async\" src=\"https:\/\/www.flexitank.md\/wp-content\/uploads\/elementor\/thumbs\/425503_f_483_arenda-konteinera-oohyk1x0htruzhvpazd1601wep7cjcusr43oohmt38.jpg\" title=\"425503_f_483_arenda-konteinera\" alt=\"425503_f_483_arenda-konteinera\" \/><\/a><\/figure>\n<h3><a href=\"https:\/\/www.flexitank.md\/container\/\">EXPEDI\u021aIA CONTAINERULUI<\/a><\/h3>\n<p>Marf\u0103 c\u0103tre oriunde \u00een lume. Direc\u021bia principal\u0103 a activit\u0103\u021bii noastre este organizarea transportului de containere pentru toate tipurile de marf\u0103 de oriunde \u00een lume \u0219i oriunde \u00een lume, prin porturile Giurgiule\u0219ti, Constan\u021ba, Illichivsk, Odessa, portul Yuzhny, precum \u0219i prin porturile europene \u0219i ruse, la tarife competitive.<\/p>\n<p>\t\t\t<a href=\"https:\/\/www.flexitank.md\/container\/\" role=\"button\"><br \/>\n\t\t\t\t\t\t\u041f\u043e\u0434\u0440\u043e\u0431\u043d\u0435\u0435<br \/>\n\t\t\t\t\t<\/a><\/p>\n<figure><a href=\"https:\/\/www.flexitank.md\/auto\/\"><img decoding=\"async\" src=\"https:\/\/www.flexitank.md\/wp-content\/uploads\/elementor\/thumbs\/Trucks_Scania_S_650_Red_Motion_533594_3840x2400-min-scaled-oohtfz6u3tsdcl9e6ex7vga8g8hn5835g0ujbqkblw.jpg\" title=\"Trucks_Scania_S_650_Red_Motion_533594_3840x2400-min\" alt=\"Transport auto\" \/><\/a><\/figure>\n<h3><a href=\"https:\/\/www.flexitank.md\/auto\/\">TRANSPORT DE AUTO<\/a><\/h3>\n<p>Transportul auto de marf\u0103 vrac din Moldova \u00een Europa \u0219i CSI. Transportul interna\u021bional de m\u0103rfuri vrac lichide este una dintre priorit\u0103\u021bile LKW LOGISTICS SEA. Oferim servicii de transport cistern\u0103 pentru marf\u0103 vrac. Dac\u0103 ave\u021bi nevoie de un pariu, suna\u021bi \u0219i vom oferi cel mai bun pre\u021b pe pia\u021ba Moldovei<\/p>\n<p>\t\t\t<a href=\"https:\/\/www.flexitank.md\/auto\/\" role=\"button\"><br \/>\n\t\t\t\t\t\t\u041f\u043e\u0434\u0440\u043e\u0431\u043d\u0435\u0435<br \/>\n\t\t\t\t\t<\/a><\/p>\n<figure><a href=\"https:\/\/www.flexitank.md\/containerliner\/\"><img fetchpriority=\"high\" decoding=\"async\" width=\"354\" height=\"239\" src=\"https:\/\/www.flexitank.md\/wp-content\/uploads\/2020\/04\/Insulation-liner61.jpg\" alt=\"\" srcset=\"https:\/\/www.flexitank.md\/wp-content\/uploads\/2020\/04\/Insulation-liner61.jpg 354w, https:\/\/www.flexitank.md\/wp-content\/uploads\/2020\/04\/Insulation-liner61-300x203.jpg 300w, https:\/\/www.flexitank.md\/wp-content\/uploads\/2020\/04\/Insulation-liner61-1x1.jpg 1w\" sizes=\"(max-width: 354px) 100vw, 354px\" \/><\/a><\/figure>\n<h3><a href=\"https:\/\/www.flexitank.md\/containerliner\/\">\u00ceNC\u0102RC\u0102RI TERMICE \u00ceN CONTAINERUL MARIN<\/a><\/h3>\n<p>C\u0103ptu\u0219eal\u0103 specializat\u0103 pentru containere termice specializat\u0103 pentru protejarea \u00eenc\u0103rc\u0103turii \u00eempotriva expunerii la temperaturi extreme. THERMAL CONTAINER LINER<\/p>\n<p>\t\t\t<a href=\"https:\/\/www.flexitank.md\/containerliner\/\" role=\"button\"><br \/>\n\t\t\t\t\t\t\u041f\u043e\u0434\u0440\u043e\u0431\u043d\u0435\u0435<br \/>\n\t\t\t\t\t<\/a><\/p>\n<figure><a href=\"https:\/\/www.flexitank.md\/tankcontainer\/\"><img decoding=\"async\" src=\"https:\/\/www.flexitank.md\/wp-content\/uploads\/elementor\/thumbs\/1bIxebbRyj8-oohr09uyfbq82enlb05dq30x2yrpxwwrpxikbalq6c.jpg\" title=\"1bIxebbRyj8\" alt=\"1bIxebbRyj8\" \/><\/a><\/figure>\n<h3><a href=\"https:\/\/www.flexitank.md\/tankcontainer\/\">TANK CONTAINERI (rezervoare)<\/a><\/h3>\n<p>Transportul de alcool \u0219i distilate<br \/>\nLKW LOGISTICS SEA este un agent Eurotainer pe pia\u021ba Moldovei \u0219i Orientului Mijlociu. Eurotainer este una dintre cele mai importante companii de \u00eenchiriere de containere din lume.<\/p>\n<p>\t\t\t<a href=\"https:\/\/www.flexitank.md\/tankcontainer\/\" role=\"button\"><br \/>\n\t\t\t\t\t\t\u041f\u043e\u0434\u0440\u043e\u0431\u043d\u0435\u0435<br \/>\n\t\t\t\t\t<\/a><\/p>\n<figure><a href=\"https:\/\/www.flexitank.md\/refrijeator\/\"><img decoding=\"async\" src=\"https:\/\/www.flexitank.md\/wp-content\/uploads\/elementor\/thumbs\/Sbornye-gruzy-refrizheratorom-ooqb9wfhphjjw0qdyiiqm4wy75z96ipx631m7y1hok.jpg\" title=\"Sbornye-gruzy-refrizheratorom\" alt=\"Sbornye-gruzy-refrizheratorom\" \/><\/a><\/figure>\n<h3><a href=\"https:\/\/www.flexitank.md\/refrijeator\/\">TRANSPORT CU FRIGIDER<\/a><\/h3>\n<p>Compania LKW LOGISTICS SEA este specializat\u0103 \u00een transportul de marf\u0103 la temperatur\u0103. Datoria noastr\u0103 c\u0103tre client este s\u0103 oferim logistic\u0103 de \u00eenalt\u0103 calitate \u0219i s\u0103 fim responsabili pentru clien\u021bi \u0219i consumatori.<\/p>\n<p>\t\t\t<a href=\"https:\/\/www.flexitank.md\/refrijeator\/\" role=\"button\"><br \/>\n\t\t\t\t\t\t\u041f\u043e\u0434\u0440\u043e\u0431\u043d\u0435\u0435<br \/>\n\t\t\t\t\t<\/a><\/p>\n<figure><a href=\"https:\/\/www.flexitank.md\/ustanovka-flexitank\/\"><img decoding=\"async\" src=\"https:\/\/www.flexitank.md\/wp-content\/uploads\/elementor\/thumbs\/unnamed-ooqa4jj4zwxd1ot3gmxowkmt8ttuhyj3hdoi1nd3gk.jpg\" title=\"unnamed\" alt=\"unnamed\" \/><\/a><\/figure>\n<h3><a href=\"https:\/\/www.flexitank.md\/ustanovka-flexitank\/\">SERVICII DE INSTALARE FLEXITANK<\/a><\/h3>\n<p>Compania LKW LOGSTICS SEA ofer\u0103 servicii de instalare a rezervoarelor flash, speciali\u0219tii no\u0219tri merg la punctul de \u00eenc\u0103rcare \u0219i instaleaz\u0103 flexitank-ul \u00een conformitate cu normele \u0219i standardele necesare. Flexitank este instalat \u00eentr-un container de 20 de metri furnizat de compania noastr\u0103 sau de c\u0103tre dvs.<\/p>\n<p>\t\t\t<a href=\"https:\/\/www.flexitank.md\/ustanovka-flexitank\/\" role=\"button\"><br \/>\n\t\t\t\t\t\t\u041f\u043e\u0434\u0440\u043e\u0431\u043d\u0435\u0435<br \/>\n\t\t\t\t\t<\/a><\/p>\n<figure><a href=\"https:\/\/www.flexitank.md\/prodaja\/\"><img decoding=\"async\" src=\"https:\/\/www.flexitank.md\/wp-content\/uploads\/elementor\/thumbs\/unnamed-1-ooqbhnlk3a5po7gvod6xoogumlr9omi78gstr4jkck.jpg\" title=\"unnamed\" alt=\"unnamed\" \/><\/a><\/figure>\n<h3><a href=\"https:\/\/www.flexitank.md\/prodaja\/\">FLEXITANK DE V\u00c2NZARE<\/a><\/h3>\n<p>LKW LOGISTICS SEA este un dealer oficial pe pia\u021ba moldoveneasc\u0103 care vinde flexitanks pentru marca LAF (China) \u0219i INFINITY (Malaezia). Produc\u0103torul de flexitank LAF este una dintre cele mai mari \u00eentreprinderi din lume pentru produc\u021bia de containere flexibile pentru transportul lichidelor. Flexitanks ai companiei LAF &#8211; unul dintre cele mai fiabile \u0219i durabile din lume.<\/p>\n<figure><a href=\"https:\/\/www.flexitank.md\/prodaja\/\"><img decoding=\"async\" src=\"https:\/\/www.flexitank.md\/wp-content\/uploads\/elementor\/thumbs\/1-1-p40kcdbxt3x2seqx8ur4enm3nmdq6kddye8vw0bef8.jpg\" title=\"1\" alt=\"1\" \/><\/a><\/figure>\n<h3><a href=\"https:\/\/www.flexitank.md\/prodaja\/\">Grupaj de marf\u0103 din China \u00een Moldova<\/a><\/h3>\n<p>Livrarea de la 0.5 m3 orice bunuri \u0219i produse de baz\u0103: \u00eembr\u0103c\u0103minte \u0219i \u00eenc\u0103l\u021b\u0103minte, suveniruri, piese de schimb, masini, echipamente. EXW FOB CFR<br \/>\nPort of Shanghai Port of Tianjin Port of Guangzhou Port of Qingdao Port of Shenzhen Port of Ningbo Port of Dalian Port of Xiamen Port of Lianyungang Port of Yingkou<br \/>\nLivram orice echipament. Containere REF, Ref, refrigerator<br \/>\nGrupaj de marf\u0103 din China \u2013 Moldova, Tianjin, Qingdao, Ningbo, Shanghai, Shenzhen.Grupaj China<\/p>\n<p>\t\t\t<a href=\"https:\/\/www.flexitank.md\/%d1%81%d0%b1%d0%be%d1%80%d0%bd%d1%8b%d0%b5-%d0%b3%d1%80%d1%83%d0%b7%d1%8b-%d0%b8%d0%b7-%d0%ba%d0%b8%d1%82%d0%b0%d1%8f-%d0%b2-%d0%bc%d0%be%d0%bb%d0%b4%d0%be%d0%b2%d1%83\/\" role=\"button\"><br \/>\n\t\t\t\t\t\t\u041f\u043e\u0434\u0440\u043e\u0431\u043d\u0435\u0435<br \/>\n\t\t\t\t\t<\/a><\/p>\n<figure><img decoding=\"async\" src=\"https:\/\/www.flexitank.md\/wp-content\/uploads\/elementor\/thumbs\/UKur5cDvRhiCtQTwkf5v-ooi72vehbzsapa7ip3u0k2rgxixk2lwlxq6f30pk1w.jpg\" title=\"MDflex\" alt=\"MDflex\" \/><\/figure>\n<h3>FLEXITANK PENTRU CAMIOANE<\/h3>\n<p>MD-Flex care v\u0103 permite s\u0103 transporta\u021bi lichide \u00een remorci \u00eenclinate, camioane frigorifice (izoterme) folosind tehnologia noastr\u0103 inovatoare pentru transportul lichidelor.<\/p>\n<p>\t\t\t<a href=\"https:\/\/www.flexitank.md\/\" role=\"button\"><br \/>\n\t\t\t\t\t\t\u041f\u043e\u0434\u0440\u043e\u0431\u043d\u0435\u0435<br \/>\n\t\t\t\t\t<\/a><\/p>\n","protected":false},"excerpt":{"rendered":"<p>LKW LOGISTICS SEA SERVICIILE NOASTRE Oferim servicii \u00een domeniul transportului de containere \u0219i al transportului rutier \u00een Moldova. Expediere de m\u0103rfuri. Transport de marf\u0103 vrac. Transport de flexitanks. Transport multimodal. Transportul de alcool \u0219i distilate. FLEXITANK Mul\u021bi ani de experien\u021b\u0103 \u00een transportul vinului \u00een flexitank. \u201eLKW LOGISTICS SEA\u201d SRL este compania nr. 1 din Moldova, [&hellip;]<\/p>\n","protected":false},"author":1,"featured_media":0,"parent":0,"menu_order":0,"comment_status":"closed","ping_status":"closed","template":"","meta":{"_exactmetrics_skip_tracking":false,"_exactmetrics_sitenote_active":false,"_exactmetrics_sitenote_note":"","_exactmetrics_sitenote_category":0,"_monsterinsights_skip_tracking":false,"_monsterinsights_sitenote_active":false,"_monsterinsights_sitenote_note":"","_monsterinsights_sitenote_category":0,"footnotes":""},"class_list":["post-201","page","type-page","status-publish","hentry"],"translation":{"provider":"WPGlobus","version":"3.0.2","language":"ro","enabled_languages":["ru","en","de","ro"],"languages":{"ru":{"title":true,"content":true,"excerpt":false},"en":{"title":true,"content":true,"excerpt":false},"de":{"title":true,"content":true,"excerpt":false},"ro":{"title":true,"content":true,"excerpt":false}}},"aioseo_notices":[],"_links":{"self":[{"href":"https:\/\/www.flexitank.md\/ro\/wp-json\/wp\/v2\/pages\/201","targetHints":{"allow":["GET"]}}],"collection":[{"href":"https:\/\/www.flexitank.md\/ro\/wp-json\/wp\/v2\/pages"}],"about":[{"href":"https:\/\/www.flexitank.md\/ro\/wp-json\/wp\/v2\/types\/page"}],"author":[{"embeddable":true,"href":"https:\/\/www.flexitank.md\/ro\/wp-json\/wp\/v2\/users\/1"}],"replies":[{"embeddable":true,"href":"https:\/\/www.flexitank.md\/ro\/wp-json\/wp\/v2\/comments?post=201"}],"version-history":[{"count":29,"href":"https:\/\/www.flexitank.md\/ro\/wp-json\/wp\/v2\/pages\/201\/revisions"}],"predecessor-version":[{"id":579,"href":"https:\/\/www.flexitank.md\/ro\/wp-json\/wp\/v2\/pages\/201\/revisions\/579"}],"wp:attachment":[{"href":"https:\/\/www.flexitank.md\/ro\/wp-json\/wp\/v2\/media?parent=201"}],"curies":[{"name":"wp","href":"https:\/\/api.w.org\/{rel}","templated":true}]}}