{"id":74,"date":"2020-04-24T09:47:08","date_gmt":"2020-04-24T06:47:08","guid":{"rendered":"https:\/\/www.flexitank.md\/?page_id=74"},"modified":"2020-05-17T13:53:54","modified_gmt":"2020-05-17T10:53:54","slug":"%d0%be-%d0%bd%d0%b0%d1%81","status":"publish","type":"page","link":"https:\/\/www.flexitank.md\/de\/%d0%be-%d0%bd%d0%b0%d1%81\/","title":{"rendered":"\u00dcBER UNS"},"content":{"rendered":"<h2>LKW LOGISTICS SEA<\/h2>\n<ul>\n<li>Es ist ein modernes und ehrgeiziges Transport- und Logistikunternehmen, das Kunden auf der ganzen Welt bedient.<\/li>\n<\/ul>\n<ul>\n<li><b>LKW LOGISTICS SEA <\/b> ist ein sich dynamisch entwickelnder Anbieter von komplexen Logistikdienstleistungen f\u00fcr moldauische und internationale Unternehmen aus verschiedenen Sektoren, der sich gleichzeitig den europ\u00e4ischen Qualit\u00e4ts- und Dienstleistungsstandards verpflichtet f\u00fchlt.<\/li>\n<\/ul>\n<ul>\n<li>Wenn Sie sich f\u00fcr LKW LOGISTICS SEA entscheiden, k\u00f6nnen Sie sich der Sicherheit Ihrer Sendung und der genauen Lieferzeit bis zum Bestimmungsort sicher sein.<\/li>\n<\/ul>\n<h2>Unser Team<\/h2>\n<ul>\n<li>Unsere Gesellschaft besteht aus Spezialisten auf dem Gebiet der komplexen L\u00f6sungen von Logistikaufgaben mit voller logistischer Unterst\u00fctzung, die Erfahrung aus der Arbeit in gro\u00dfen Organisationen haben.<\/li>\n<li>Mit einem starken Team und zuverl\u00e4ssigen Partnern bietet unser Team Komfort, Professionalit\u00e4t und schnelle L\u00f6sungen f\u00fcr verschiedene schwierige Situationen.<\/li>\n<li>Ihr Wort zu halten ist einer der wichtigsten Grunds\u00e4tze unseres Unternehmens. Ihr Wort zu halten, bedeutet, die Vereinbarung ehrlich zu befolgen, Ihr Versprechen zu halten. Unsere Partner vertrauen uns und betrauen uns mit der L\u00f6sung ihrer logistischen Aufgaben.<\/li>\n<\/ul>\n<h1>QUALIT\u00c4T<\/h1>\n<h3>STABILIT\u00c4T<\/h3>\n<h3>VERNOSTEN<\/h3>\n<h1>Hauptziele des Unternehmens<\/h1>\n<ul>\n<li style=\"text-align: left;\"><strong>STREBEN NACH EXZELLENZ<\/strong><\/li>\n<li style=\"text-align: left;\"><strong>VORW\u00c4RTSBEWEGUNG<\/strong><\/li>\n<li style=\"text-align: left;\"><strong>ERFOLGSKLIENT<br \/><\/strong><\/li>\n<\/ul>\n<p>\t\t\t\t\t\t\t\t\t\t<img fetchpriority=\"high\" decoding=\"async\" width=\"1600\" height=\"1281\" src=\"https:\/\/www.flexitank.md\/wp-content\/uploads\/2020\/04\/legarta-team-kvadrat.jpg\" alt=\"\" srcset=\"https:\/\/www.flexitank.md\/wp-content\/uploads\/2020\/04\/legarta-team-kvadrat.jpg 1600w, https:\/\/www.flexitank.md\/wp-content\/uploads\/2020\/04\/legarta-team-kvadrat-600x480.jpg 600w, https:\/\/www.flexitank.md\/wp-content\/uploads\/2020\/04\/legarta-team-kvadrat-300x240.jpg 300w, https:\/\/www.flexitank.md\/wp-content\/uploads\/2020\/04\/legarta-team-kvadrat-1024x820.jpg 1024w, https:\/\/www.flexitank.md\/wp-content\/uploads\/2020\/04\/legarta-team-kvadrat-768x615.jpg 768w, https:\/\/www.flexitank.md\/wp-content\/uploads\/2020\/04\/legarta-team-kvadrat-1536x1230.jpg 1536w, https:\/\/www.flexitank.md\/wp-content\/uploads\/2020\/04\/legarta-team-kvadrat-1x1.jpg 1w\" sizes=\"(max-width: 1600px) 100vw, 1600px\" \/><br \/>\n\t\t\t\t\t\t\t<a href=\"https:\/\/www.facebook.com\/flexitankmoldova\/\" target=\"_blank\" rel=\"noopener noreferrer\"><br \/>\n\t\t\t\t\tFacebook-f<br \/>\n\t\t\t\t\t\t\t\t\t<\/a><br \/>\n\t\t\t\t\t\t\t<a href=\"https:\/\/wa.me\/+37379434344\" target=\"_blank\" rel=\"noopener noreferrer\"><br \/>\n\t\t\t\t\tWhatsapp<br \/>\n\t\t\t\t\t\t\t\t\t<\/a><br \/>\n\t\t\t\t\t\t\t<a href=\"https:\/\/www.instagram.com\/flexitankmoldova\/\" target=\"_blank\" rel=\"noopener noreferrer\"><br \/>\n\t\t\t\t\tInstagram<br \/>\n\t\t\t\t\t\t\t\t\t<\/a><br \/>\n\t\t\t\t\t\t\t<a href=\"https:\/\/www.youtube.com\/channel\/UCNLjM8YLHKbFkXxksb_L5CQ\" target=\"_blank\" rel=\"noopener noreferrer\"><br \/>\n\t\t\t\t\tYoutube<br \/>\n\t\t\t\t\t\t\t\t\t<\/a><\/p>\n","protected":false},"excerpt":{"rendered":"<p>LKW LOGISTICS SEA Es ist ein modernes und ehrgeiziges Transport- und Logistikunternehmen, das Kunden auf der ganzen Welt bedient. LKW LOGISTICS SEA ist ein sich dynamisch entwickelnder Anbieter von komplexen Logistikdienstleistungen f\u00fcr moldauische und internationale Unternehmen aus verschiedenen Sektoren, der sich gleichzeitig den europ\u00e4ischen Qualit\u00e4ts- und Dienstleistungsstandards verpflichtet f\u00fchlt. Wenn Sie sich f\u00fcr LKW LOGISTICS [&hellip;]<\/p>\n","protected":false},"author":1,"featured_media":0,"parent":0,"menu_order":0,"comment_status":"closed","ping_status":"closed","template":"","meta":{"_exactmetrics_skip_tracking":false,"_exactmetrics_sitenote_active":false,"_exactmetrics_sitenote_note":"","_exactmetrics_sitenote_category":0,"_monsterinsights_skip_tracking":false,"_monsterinsights_sitenote_active":false,"_monsterinsights_sitenote_note":"","_monsterinsights_sitenote_category":0,"footnotes":""},"class_list":["post-74","page","type-page","status-publish","hentry"],"translation":{"provider":"WPGlobus","version":"3.0.2","language":"de","enabled_languages":["ru","en","de","ro"],"languages":{"ru":{"title":true,"content":true,"excerpt":false},"en":{"title":true,"content":true,"excerpt":false},"de":{"title":true,"content":true,"excerpt":false},"ro":{"title":true,"content":true,"excerpt":false}}},"aioseo_notices":[],"_links":{"self":[{"href":"https:\/\/www.flexitank.md\/de\/wp-json\/wp\/v2\/pages\/74","targetHints":{"allow":["GET"]}}],"collection":[{"href":"https:\/\/www.flexitank.md\/de\/wp-json\/wp\/v2\/pages"}],"about":[{"href":"https:\/\/www.flexitank.md\/de\/wp-json\/wp\/v2\/types\/page"}],"author":[{"embeddable":true,"href":"https:\/\/www.flexitank.md\/de\/wp-json\/wp\/v2\/users\/1"}],"replies":[{"embeddable":true,"href":"https:\/\/www.flexitank.md\/de\/wp-json\/wp\/v2\/comments?post=74"}],"version-history":[{"count":14,"href":"https:\/\/www.flexitank.md\/de\/wp-json\/wp\/v2\/pages\/74\/revisions"}],"predecessor-version":[{"id":519,"href":"https:\/\/www.flexitank.md\/de\/wp-json\/wp\/v2\/pages\/74\/revisions\/519"}],"wp:attachment":[{"href":"https:\/\/www.flexitank.md\/de\/wp-json\/wp\/v2\/media?parent=74"}],"curies":[{"name":"wp","href":"https:\/\/api.w.org\/{rel}","templated":true}]}}