{"id":561,"date":"2021-03-10T16:38:21","date_gmt":"2021-03-10T13:38:21","guid":{"rendered":"https:\/\/www.flexitank.md\/?page_id=561"},"modified":"2021-03-10T16:54:41","modified_gmt":"2021-03-10T13:54:41","slug":"%d1%81%d0%b1%d0%be%d1%80%d0%bd%d1%8b%d0%b5-%d0%b3%d1%80%d1%83%d0%b7%d1%8b-%d0%b8%d0%b7-%d0%ba%d0%b8%d1%82%d0%b0%d1%8f-%d0%b2-%d0%bc%d0%be%d0%bb%d0%b4%d0%be%d0%b2%d1%83","status":"publish","type":"page","link":"https:\/\/www.flexitank.md\/de\/%d1%81%d0%b1%d0%be%d1%80%d0%bd%d1%8b%d0%b5-%d0%b3%d1%80%d1%83%d0%b7%d1%8b-%d0%b8%d0%b7-%d0%ba%d0%b8%d1%82%d0%b0%d1%8f-%d0%b2-%d0%bc%d0%be%d0%bb%d0%b4%d0%be%d0%b2%d1%83\/","title":{"rendered":"\u0421\u0431\u043e\u0440\u043d\u044b\u0435 \u0433\u0440\u0443\u0437\u044b \u0438\u0437 \u041a\u0438\u0442\u0430\u044f \u0432 \u041c\u043e\u043b\u0434\u043e\u0432\u0443"},"content":{"rendered":"\t\t<div data-elementor-type=\"wp-page\" data-elementor-id=\"561\" class=\"elementor elementor-561\">\n\t\t\t\t\t\t<section class=\"elementor-section elementor-top-section elementor-element elementor-element-4be33b56 elementor-section-height-min-height elementor-section-stretched elementor-section-full_width elementor-section-height-default elementor-section-items-middle\" data-id=\"4be33b56\" data-element_type=\"section\" data-e-type=\"section\" data-settings=\"{&quot;background_background&quot;:&quot;classic&quot;,&quot;stretch_section&quot;:&quot;section-stretched&quot;}\">\n\t\t\t\t\t\t\t<div class=\"elementor-background-overlay\"><\/div>\n\t\t\t\t\t\t\t<div class=\"elementor-container elementor-column-gap-default\">\n\t\t\t\t\t<div class=\"elementor-column elementor-col-100 elementor-top-column elementor-element elementor-element-5e435964\" data-id=\"5e435964\" data-element_type=\"column\" data-e-type=\"column\">\n\t\t\t<div class=\"elementor-widget-wrap elementor-element-populated\">\n\t\t\t\t\t\t<div class=\"elementor-element elementor-element-e204343 elementor-widget elementor-widget-heading\" data-id=\"e204343\" data-element_type=\"widget\" data-e-type=\"widget\" data-widget_type=\"heading.default\">\n\t\t\t\t<div class=\"elementor-widget-container\">\n\t\t\t\t\t<h3 class=\"elementor-heading-title elementor-size-large\">\u0441\u0431\u043e\u0440\u043d\u044b\u0435 \u0433\u0440\u0443\u0437\u044b \u0438\u0437 \u041a\u0438\u0442\u0430\u044f \u0432 \u041c\u043e\u043b\u0434\u043e\u0432\u0443<\/h3>\t\t\t\t<\/div>\n\t\t\t\t<\/div>\n\t\t\t\t<section class=\"elementor-section elementor-inner-section elementor-element elementor-element-2fcd2b1d elementor-section-boxed elementor-section-height-default elementor-section-height-default\" data-id=\"2fcd2b1d\" data-element_type=\"section\" data-e-type=\"section\" data-settings=\"{&quot;background_background&quot;:&quot;none&quot;}\">\n\t\t\t\t\t\t<div class=\"elementor-container elementor-column-gap-default\">\n\t\t\t\t\t<div class=\"elementor-column elementor-col-100 elementor-inner-column elementor-element elementor-element-11f944b\" data-id=\"11f944b\" data-element_type=\"column\" data-e-type=\"column\" data-settings=\"{&quot;background_background&quot;:&quot;classic&quot;}\">\n\t\t\t<div class=\"elementor-widget-wrap elementor-element-populated\">\n\t\t\t\t\t\t<div class=\"elementor-element elementor-element-3ec1227b elementor-widget elementor-widget-text-editor\" data-id=\"3ec1227b\" data-element_type=\"widget\" data-e-type=\"widget\" data-widget_type=\"text-editor.default\">\n\t\t\t\t<div class=\"elementor-widget-container\">\n\t\t\t\t\t\t\t\t\t<p>\u0413\u0440\u0443\u043f\u043f\u0430\u0436 \u041a\u0438\u0442\u0430\u0439 &#8211; Moldova, Tianjin, Qingdao, Ningbo, Shanghai, Shenzhen.Grupaj China<\/p>\t\t\t\t\t\t\t\t<\/div>\n\t\t\t\t<\/div>\n\t\t\t\t<div class=\"elementor-element elementor-element-a0deb55 elementor-widget elementor-widget-heading\" data-id=\"a0deb55\" data-element_type=\"widget\" data-e-type=\"widget\" data-widget_type=\"heading.default\">\n\t\t\t\t<div class=\"elementor-widget-container\">\n\t\t\t\t\t<h2 class=\"elementor-heading-title elementor-size-large\">from $100<\/h2>\t\t\t\t<\/div>\n\t\t\t\t<\/div>\n\t\t\t\t<div class=\"elementor-element elementor-element-32a77c52 elementor-widget elementor-widget-text-editor\" data-id=\"32a77c52\" data-element_type=\"widget\" data-e-type=\"widget\" data-widget_type=\"text-editor.default\">\n\t\t\t\t<div class=\"elementor-widget-container\">\n\t\t\t\t\t\t\t\t\t<h2>\u041f\u043e\u043b\u043d\u044b\u0439 \u043a\u043e\u043c\u043f\u043b\u0435\u043a\u0441 \u0443\u0441\u043b\u0443\u0433<\/h2>\t\t\t\t\t\t\t\t<\/div>\n\t\t\t\t<\/div>\n\t\t\t\t\t<\/div>\n\t\t<\/div>\n\t\t\t\t\t<\/div>\n\t\t<\/section>\n\t\t\t\t\t<\/div>\n\t\t<\/div>\n\t\t\t\t\t<\/div>\n\t\t<\/section>\n\t\t\t\t<section class=\"elementor-section elementor-top-section elementor-element elementor-element-3c2fc43a elementor-section-content-middle elementor-section-stretched elementor-section-boxed elementor-section-height-default elementor-section-height-default\" data-id=\"3c2fc43a\" data-element_type=\"section\" data-e-type=\"section\" data-settings=\"{&quot;background_background&quot;:&quot;classic&quot;,&quot;stretch_section&quot;:&quot;section-stretched&quot;}\">\n\t\t\t\t\t\t<div class=\"elementor-container elementor-column-gap-default\">\n\t\t\t\t\t<div class=\"elementor-column elementor-col-100 elementor-top-column elementor-element elementor-element-fb74d00\" data-id=\"fb74d00\" data-element_type=\"column\" data-e-type=\"column\">\n\t\t\t<div class=\"elementor-widget-wrap elementor-element-populated\">\n\t\t\t\t\t\t<div class=\"elementor-element elementor-element-fbd55c1 elementor-widget elementor-widget-text-editor\" data-id=\"fbd55c1\" data-element_type=\"widget\" data-e-type=\"widget\" data-widget_type=\"text-editor.default\">\n\t\t\t\t<div class=\"elementor-widget-container\">\n\t\t\t\t\t\t\t\t\t<p style=\"text-align: center;\"><strong>\u0423\u0441\u043b\u0443\u0433\u0430 \u00ab\u0441\u0431\u043e\u0440\u043d\u044b\u0435 \u0433\u0440\u0443\u0437\u044b \u0438\u0437 \u041a\u0438\u0442\u0430\u044f\u00bb \u0432 \u041c\u043e\u043b\u0434\u043e\u0432\u0443<\/strong><\/p><p style=\"text-align: center;\">\u041f\u0440\u0435\u0434\u043b\u0430\u0433\u0430\u0435\u043c \u0432\u0430\u043c \u0430\u043a\u0442\u0443\u0430\u043b\u044c\u043d\u044b\u0439 \u043d\u0430 \u0441\u0435\u0433\u043e\u0434\u043d\u044f\u0448\u043d\u0438\u0439 \u0434\u0435\u043d\u044c \u0441\u0435\u0440\u0432\u0438\u0441 &#8211; \u043f\u0435\u0440\u0435\u0432\u043e\u0437\u043a\u0443 \u0433\u0440\u0443\u0437\u043e\u0432 \u0432 \u0441\u043e\u0441\u0442\u0430\u0432\u0435 \u0441\u0431\u043e\u0440\u043d\u043e\u0433\u043e \u043a\u043e\u043d\u0442\u0435\u0439\u043d\u0435\u0440\u0430 \u043a\u0430\u043a \u0432 \u0438\u043c\u043f\u043e\u0440\u0442\u043d\u043e\u043c, \u0442\u0430\u043a \u0438 \u0432 \u044d\u043a\u0441\u043f\u043e\u0440\u0442\u043d\u043e\u043c \u043d\u0430\u043f\u0440\u0430\u0432\u043b\u0435\u043d\u0438\u0438<\/p><p style=\"text-align: center;\">\u0421\u0431\u043e\u0440\u043d\u044b\u0435 \u0433\u0440\u0443\u0437\u044b ( \u0433\u0440\u0443\u043f\u043f\u0430\u0436\u0438 ). \u0413\u0440\u0443\u0437\u044b \u0441\u0431\u043e\u0440\u043d\u044b\u0435 \u0438 \u0446\u0435\u043b\u044b\u0435 \u043a\u043e\u043d\u0442\u0435\u0439\u043d\u0435\u0440\u0430 \u043f\u043e \u043e\u043f\u0442\u0438\u043c\u0430\u043b\u044c\u043d\u044b\u043c \u0446\u0435\u043d\u0430\u043c \u0438 \u043d\u0430 \u0443\u0434\u043e\u0431\u043d\u044b\u0445 \u0434\u043b\u044f \u0432\u0441\u0435\u0445 \u0441\u0442\u043e\u0440\u043e\u043d \u0443\u0441\u043b\u043e\u0432\u0438\u044f\u0445.<\/p><p style=\"text-align: center;\">\u0414\u043e\u0441\u0442\u0430\u0432\u043a\u0438 \u043b\u044e\u0431\u044b\u0445 \u0433\u0440\u0443\u0437\u043e\u0432, \u043e\u0431\u043e\u0440\u0443\u0434\u043e\u0432\u0430\u043d\u0438\u0435, \u0441\u044b\u0440\u044c\u0435, \u044d\u043b\u0435\u043a\u0442\u0440\u043e\u043d\u0438\u043a\u0430, \u0442\u043e\u0432\u0430\u0440\u044b \u0434\u043b\u044f \u0434\u043e\u043c\u0430, \u043c\u0435\u0431\u0435\u043b\u044c, \u0441\u0442\u0440\u043e\u0438\u0442\u0435\u043b\u044c\u043d\u044b\u0435 \u043c\u0430\u0442\u0435\u0440\u0438\u0430\u043b\u044b \u0438 \u0442.\u0434.<\/p><p style=\"text-align: center;\">\u0414\u043e\u0441\u0442\u0430\u0432\u043a\u0430 \u0446\u0435\u043b\u044b\u0445 \u043a\u043e\u043d\u0442\u0435\u0439\u043d\u0435\u0440\u043e\u0432 \u043d\u0430 20, 40 \u0444\u0443\u0442\u043e\u0432<\/p><p style=\"text-align: center;\">Livrarea de m\u0103rfuri din orice \u021bar\u0103.LCL, FCL.<br \/>Livrarea de la 0.5 m3 orice bunuri \u0219i produse de baz\u0103: \u00eembr\u0103c\u0103minte \u0219i \u00eenc\u0103l\u021b\u0103minte, suveniruri, piese de schimb, masini, echipamente. EXW FOB CFR<br \/>Port of Shanghai Port of Tianjin Port of Guangzhou Port of Qingdao Port of Shenzhen Port of Ningbo Port of Dalian Port of Xiamen Port of Lianyungang Port of Yingkou<br \/>Livram orice echipament. Containere REF, Ref, refrigerator<\/p><p style=\"text-align: center;\">\u0413\u0440\u0443\u043f\u043f\u0430\u0436 \u041a\u0438\u0442\u0430\u0439 &#8211; Moldova, Tianjin, Qingdao, Ningbo, Shanghai, Shenzhen.Grupaj China<\/p><p style=\"text-align: center;\">\u041c\u044b \u043f\u0440\u0435\u0432\u0440\u0430\u0449\u0430\u0435\u043c \u043c\u0435\u0436\u0434\u0443\u043d\u0430\u0440\u043e\u0434\u043d\u044b\u0435 \u043f\u0435\u0440\u0435\u0432\u043e\u0437\u043a\u0438 \u0433\u0440\u0443\u0437\u043e\u0432 \u0432 \u043f\u0440\u043e\u0446\u0435\u0441\u0441, \u043f\u0440\u0438 \u043a\u043e\u0442\u043e\u0440\u043e\u043c \u0412\u044b \u0437\u0430\u0442\u0440\u0430\u0447\u0438\u0432\u0430\u0435\u0442\u0435 \u043c\u0438\u043d\u0438\u043c\u0443\u043c \u0443\u0441\u0438\u043b\u0438\u0439 \u0438 \u043f\u043e\u043b\u0443\u0447\u0430\u0435\u0442\u0435 \u043c\u0430\u043a\u0441\u0438\u043c\u0430\u043b\u044c\u043d\u044b\u0439 \u0440\u0435\u0437\u0443\u043b\u044c\u0442\u0430\u0442!<\/p>\t\t\t\t\t\t\t\t<\/div>\n\t\t\t\t<\/div>\n\t\t\t\t\t<\/div>\n\t\t<\/div>\n\t\t\t\t\t<\/div>\n\t\t<\/section>\n\t\t\t\t<section class=\"elementor-section elementor-top-section elementor-element elementor-element-10e9caf5 elementor-section-stretched elementor-section-boxed elementor-section-height-default elementor-section-height-default\" data-id=\"10e9caf5\" data-element_type=\"section\" data-e-type=\"section\" data-settings=\"{&quot;background_background&quot;:&quot;classic&quot;,&quot;stretch_section&quot;:&quot;section-stretched&quot;}\">\n\t\t\t\t\t\t<div class=\"elementor-container elementor-column-gap-default\">\n\t\t\t\t\t<div class=\"elementor-column elementor-col-33 elementor-top-column elementor-element elementor-element-1c67820a\" data-id=\"1c67820a\" data-element_type=\"column\" data-e-type=\"column\">\n\t\t\t<div class=\"elementor-widget-wrap elementor-element-populated\">\n\t\t\t\t\t\t<div class=\"elementor-element elementor-element-774d39e4 elementor-icon-list--layout-traditional elementor-list-item-link-full_width elementor-widget elementor-widget-icon-list\" data-id=\"774d39e4\" data-element_type=\"widget\" data-e-type=\"widget\" data-widget_type=\"icon-list.default\">\n\t\t\t\t<div class=\"elementor-widget-container\">\n\t\t\t\t\t\t\t<ul class=\"elementor-icon-list-items\">\n\t\t\t\t\t\t\t<li class=\"elementor-icon-list-item\">\n\t\t\t\t\t\t\t\t\t\t\t<span class=\"elementor-icon-list-icon\">\n\t\t\t\t\t\t\t<i aria-hidden=\"true\" class=\"far fa-clock\"><\/i>\t\t\t\t\t\t<\/span>\n\t\t\t\t\t\t\t\t\t\t<span class=\"elementor-icon-list-text\">\u0421\u0440\u043e\u043a\u0438 \u0434\u043e\u0441\u0442\u0430\u0432\u043a\u0438<\/span>\n\t\t\t\t\t\t\t\t\t<\/li>\n\t\t\t\t\t\t<\/ul>\n\t\t\t\t\t\t<\/div>\n\t\t\t\t<\/div>\n\t\t\t\t<div class=\"elementor-element elementor-element-6fa98993 elementor-widget elementor-widget-text-editor\" data-id=\"6fa98993\" data-element_type=\"widget\" data-e-type=\"widget\" data-widget_type=\"text-editor.default\">\n\t\t\t\t<div class=\"elementor-widget-container\">\n\t\t\t\t\t\t\t\t\t<p style=\"text-align: center;\">\u0411\u043b\u0430\u0433\u043e\u0434\u0430\u0440\u044f \u043d\u0430\u043b\u0430\u0436\u0435\u043d\u043d\u044b\u043c \u043c\u0430\u0440\u0448\u0440\u0443\u0442\u0430\u043c\u202d \u202c\u0441\u0440\u043e\u043a\u0438 \u0434\u043e\u0441\u0442\u0430\u0432\u043a\u0438 \u0441\u0431\u043e\u0440\u043d\u044b\u0445 \u0433\u0440\u0443\u0437\u043e\u0432 \u0438\u0437 \u041a\u0438\u0442\u0430\u044f \u0443 \u043d\u0430\u0441 \u043c\u0438\u043d\u0438\u043c\u0430\u043b\u044c\u043d\u044b\u0435.\u202d \u041e\u043a\u043e\u043d\u0447\u0430\u0442\u0435\u043b\u044c\u043d\u044b\u0435 \u0441\u0440\u043e\u043a\u0438 \u0440\u0430\u0441\u0441\u0447\u0438\u0442\u0430\u0435\u0442 \u043d\u0430\u0448 \u043e\u043f\u0435\u0440\u0430\u0442\u043e\u0440 \u0432\u043e \u0432\u0440\u0435\u043c\u044f \u043e\u0444\u043e\u0440\u043c\u043b\u0435\u043d\u0438\u044f \u0437\u0430\u043a\u0430\u0437\u0430.<\/p>\t\t\t\t\t\t\t\t<\/div>\n\t\t\t\t<\/div>\n\t\t\t\t<div class=\"elementor-element elementor-element-d555f9d elementor-widget-divider--view-line elementor-widget elementor-widget-divider\" data-id=\"d555f9d\" data-element_type=\"widget\" data-e-type=\"widget\" data-widget_type=\"divider.default\">\n\t\t\t\t<div class=\"elementor-widget-container\">\n\t\t\t\t\t\t\t<div class=\"elementor-divider\">\n\t\t\t<span class=\"elementor-divider-separator\">\n\t\t\t\t\t\t<\/span>\n\t\t<\/div>\n\t\t\t\t\t\t<\/div>\n\t\t\t\t<\/div>\n\t\t\t\t\t<\/div>\n\t\t<\/div>\n\t\t\t\t<div class=\"elementor-column elementor-col-33 elementor-top-column elementor-element elementor-element-74e6c829\" data-id=\"74e6c829\" data-element_type=\"column\" data-e-type=\"column\">\n\t\t\t<div class=\"elementor-widget-wrap elementor-element-populated\">\n\t\t\t\t\t\t<div class=\"elementor-element elementor-element-37b2b9aa elementor-icon-list--layout-traditional elementor-list-item-link-full_width elementor-widget elementor-widget-icon-list\" data-id=\"37b2b9aa\" data-element_type=\"widget\" data-e-type=\"widget\" data-widget_type=\"icon-list.default\">\n\t\t\t\t<div class=\"elementor-widget-container\">\n\t\t\t\t\t\t\t<ul class=\"elementor-icon-list-items\">\n\t\t\t\t\t\t\t<li class=\"elementor-icon-list-item\">\n\t\t\t\t\t\t\t\t\t\t\t<span class=\"elementor-icon-list-icon\">\n\t\t\t\t\t\t\t<i aria-hidden=\"true\" class=\"fab fa-servicestack\"><\/i>\t\t\t\t\t\t<\/span>\n\t\t\t\t\t\t\t\t\t\t<span class=\"elementor-icon-list-text\">\u041f\u043e\u043b\u043d\u044b\u0439 \u043a\u043e\u043c\u043f\u043b\u0435\u043a\u0441 \u0443\u0441\u043b\u0443\u0433<\/span>\n\t\t\t\t\t\t\t\t\t<\/li>\n\t\t\t\t\t\t<\/ul>\n\t\t\t\t\t\t<\/div>\n\t\t\t\t<\/div>\n\t\t\t\t<div class=\"elementor-element elementor-element-26737d8b elementor-widget elementor-widget-text-editor\" data-id=\"26737d8b\" data-element_type=\"widget\" data-e-type=\"widget\" data-widget_type=\"text-editor.default\">\n\t\t\t\t<div class=\"elementor-widget-container\">\n\t\t\t\t\t\t\t\t\t<p>\u0412\u044b \u043f\u043e\u043b\u0443\u0447\u0430\u0435\u0442\u0435 \u043f\u043e\u043b\u043d\u044b\u0439\u202d \u202c\u043a\u043e\u043c\u043f\u043b\u0435\u043a\u0441 \u0443\u0441\u043b\u0443\u0433 \u043f\u043e \u0434\u043e\u0441\u0442\u0430\u0432\u043a\u0435 \u0441\u0431\u043e\u0440\u043d\u044b\u0445 \u0433\u0440\u0443\u0437\u043e\u0432 \u0438\u0437 \u041a\u0438\u0442\u0430\u044f.\u202d \u202c\u041c\u044b \u043f\u043e\u043c\u043e\u0436\u0435\u043c \u0432\u044b\u0431\u0440\u0430\u0442\u044c \u043d\u0430\u0434\u0435\u0436\u043d\u043e\u0433\u043e \u043f\u043e\u0441\u0442\u0430\u0432\u0449\u0438\u043a\u0430,\u202d \u202c\u043f\u0440\u043e\u0432\u0435\u0434\u0435\u043c \u0441 \u043d\u0438\u043c \u043f\u0435\u0440\u0435\u0433\u043e\u0432\u043e\u0440\u044b,\u202d \u202c\u0440\u0435\u0448\u0438\u043c \u0432\u043e\u043f\u0440\u043e\u0441\u044b \u043e\u043f\u043b\u0430\u0442\u044b.<\/p>\t\t\t\t\t\t\t\t<\/div>\n\t\t\t\t<\/div>\n\t\t\t\t<div class=\"elementor-element elementor-element-4a9878de elementor-widget-divider--view-line elementor-widget elementor-widget-divider\" data-id=\"4a9878de\" data-element_type=\"widget\" data-e-type=\"widget\" data-widget_type=\"divider.default\">\n\t\t\t\t<div class=\"elementor-widget-container\">\n\t\t\t\t\t\t\t<div class=\"elementor-divider\">\n\t\t\t<span class=\"elementor-divider-separator\">\n\t\t\t\t\t\t<\/span>\n\t\t<\/div>\n\t\t\t\t\t\t<\/div>\n\t\t\t\t<\/div>\n\t\t\t\t\t<\/div>\n\t\t<\/div>\n\t\t\t\t<div class=\"elementor-column elementor-col-33 elementor-top-column elementor-element elementor-element-6b53746d\" data-id=\"6b53746d\" data-element_type=\"column\" data-e-type=\"column\">\n\t\t\t<div class=\"elementor-widget-wrap elementor-element-populated\">\n\t\t\t\t\t\t<div class=\"elementor-element elementor-element-398db5bf elementor-icon-list--layout-traditional elementor-list-item-link-full_width elementor-widget elementor-widget-icon-list\" data-id=\"398db5bf\" data-element_type=\"widget\" data-e-type=\"widget\" data-widget_type=\"icon-list.default\">\n\t\t\t\t<div class=\"elementor-widget-container\">\n\t\t\t\t\t\t\t<ul class=\"elementor-icon-list-items\">\n\t\t\t\t\t\t\t<li class=\"elementor-icon-list-item\">\n\t\t\t\t\t\t\t\t\t\t\t<span class=\"elementor-icon-list-icon\">\n\t\t\t\t\t\t\t<i aria-hidden=\"true\" class=\"far fa-money-bill-alt\"><\/i>\t\t\t\t\t\t<\/span>\n\t\t\t\t\t\t\t\t\t\t<span class=\"elementor-icon-list-text\">\u0421\u0442\u043e\u0438\u043c\u043e\u0441\u0442\u044c \u0434\u043e\u0441\u0442\u0430\u0432\u043a\u0438<\/span>\n\t\t\t\t\t\t\t\t\t<\/li>\n\t\t\t\t\t\t<\/ul>\n\t\t\t\t\t\t<\/div>\n\t\t\t\t<\/div>\n\t\t\t\t<div class=\"elementor-element elementor-element-2b6ae6e7 elementor-widget elementor-widget-text-editor\" data-id=\"2b6ae6e7\" data-element_type=\"widget\" data-e-type=\"widget\" data-widget_type=\"text-editor.default\">\n\t\t\t\t<div class=\"elementor-widget-container\">\n\t\t\t\t\t\t\t\t\t<p>\u0418\u043c\u0435\u044f \u043c\u043d\u043e\u0433\u043e\u043b\u0435\u0442\u043d\u0438\u0439 \u043e\u043f\u044b\u0442,\u202d \u202c\u0441\u043e\u0442\u0440\u0443\u0434\u043d\u0438\u043a\u0438 \u043d\u0430\u0448\u0435\u0439 \u043a\u043e\u043c\u043f\u0430\u043d\u0438\u0438 \u0437\u043d\u0430\u044e\u0442,\u202d \u202c\u043a\u0430\u043a\u202d \u202c<b>\u0434\u043e\u0441\u0442\u0430\u0432\u0438\u0442\u044c \u0441\u0431\u043e\u0440\u043d\u044b\u0439 \u0433\u0440\u0443\u0437 \u0438\u0437 \u041a\u0438\u0442\u0430\u044f<\/b> \u0432 \u041c\u043e\u043b\u0434\u043e\u0432\u0443 \u0437\u0430 \u043c\u0438\u043d\u0438\u043c\u0430\u043b\u044c\u043d\u0443\u044e\u202d \u202c\u0441\u0442\u043e\u0438\u043c\u043e\u0441\u0442\u044c<\/p>\t\t\t\t\t\t\t\t<\/div>\n\t\t\t\t<\/div>\n\t\t\t\t<div class=\"elementor-element elementor-element-1668b4de elementor-widget-divider--view-line elementor-widget elementor-widget-divider\" data-id=\"1668b4de\" data-element_type=\"widget\" data-e-type=\"widget\" data-widget_type=\"divider.default\">\n\t\t\t\t<div class=\"elementor-widget-container\">\n\t\t\t\t\t\t\t<div class=\"elementor-divider\">\n\t\t\t<span class=\"elementor-divider-separator\">\n\t\t\t\t\t\t<\/span>\n\t\t<\/div>\n\t\t\t\t\t\t<\/div>\n\t\t\t\t<\/div>\n\t\t\t\t\t<\/div>\n\t\t<\/div>\n\t\t\t\t\t<\/div>\n\t\t<\/section>\n\t\t\t\t<section class=\"elementor-section elementor-top-section elementor-element elementor-element-13878e35 elementor-section-stretched elementor-section-full_width elementor-section-height-default elementor-section-height-default\" data-id=\"13878e35\" data-element_type=\"section\" data-e-type=\"section\" data-settings=\"{&quot;background_background&quot;:&quot;classic&quot;,&quot;stretch_section&quot;:&quot;section-stretched&quot;}\">\n\t\t\t\t\t\t<div class=\"elementor-container elementor-column-gap-default\">\n\t\t\t\t\t<div class=\"elementor-column elementor-col-100 elementor-top-column elementor-element elementor-element-4906abbe\" data-id=\"4906abbe\" data-element_type=\"column\" data-e-type=\"column\">\n\t\t\t<div class=\"elementor-widget-wrap elementor-element-populated\">\n\t\t\t\t\t\t<div class=\"elementor-element elementor-element-1f96aca elementor-arrows-position-outside elementor-pagination-position-outside elementor-widget elementor-widget-image-carousel\" data-id=\"1f96aca\" data-element_type=\"widget\" data-e-type=\"widget\" data-settings=\"{&quot;slides_to_show&quot;:&quot;3&quot;,&quot;slides_to_scroll&quot;:&quot;2&quot;,&quot;navigation&quot;:&quot;both&quot;,&quot;autoplay&quot;:&quot;yes&quot;,&quot;pause_on_hover&quot;:&quot;yes&quot;,&quot;pause_on_interaction&quot;:&quot;yes&quot;,&quot;autoplay_speed&quot;:5000,&quot;infinite&quot;:&quot;yes&quot;,&quot;speed&quot;:500}\" data-widget_type=\"image-carousel.default\">\n\t\t\t\t<div class=\"elementor-widget-container\">\n\t\t\t\t\t\t\t<div class=\"elementor-image-carousel-wrapper swiper\" role=\"region\" aria-roledescription=\"carousel\" aria-label=\"\u041a\u0430\u0440\u0443\u0441\u0435\u043b\u044c\" dir=\"ltr\">\n\t\t\t<div class=\"elementor-image-carousel swiper-wrapper\" aria-live=\"off\">\n\t\t\t\t\t\t\t\t<div class=\"swiper-slide\" role=\"group\" aria-roledescription=\"slide\" aria-label=\"1 \u0438\u0437 3\"><figure class=\"swiper-slide-inner\"><img decoding=\"async\" class=\"swiper-slide-image\" src=\"https:\/\/www.flexitank.md\/wp-content\/uploads\/2021\/03\/dogruzy-i-sbornye-gruzy-1.jpg\" alt=\"dogruzy-i-sbornye-gruzy-1\" \/><\/figure><\/div><div class=\"swiper-slide\" role=\"group\" aria-roledescription=\"slide\" aria-label=\"2 \u0438\u0437 3\"><figure class=\"swiper-slide-inner\"><img decoding=\"async\" class=\"swiper-slide-image\" src=\"https:\/\/www.flexitank.md\/wp-content\/uploads\/2021\/03\/1.jpg\" alt=\"1\" \/><\/figure><\/div><div class=\"swiper-slide\" role=\"group\" aria-roledescription=\"slide\" aria-label=\"3 \u0438\u0437 3\"><figure class=\"swiper-slide-inner\"><img decoding=\"async\" class=\"swiper-slide-image\" src=\"https:\/\/www.flexitank.md\/wp-content\/uploads\/2021\/03\/1d246615ac857410967971e57e5cfb5e-1024x680.jpg\" alt=\"1d246615ac857410967971e57e5cfb5e\" \/><\/figure><\/div>\t\t\t<\/div>\n\t\t\t\t\t\t\t\t\t\t\t\t<div class=\"elementor-swiper-button elementor-swiper-button-prev\" role=\"button\" tabindex=\"0\">\n\t\t\t\t\t\t<i aria-hidden=\"true\" class=\"eicon-chevron-left\"><\/i>\t\t\t\t\t<\/div>\n\t\t\t\t\t<div class=\"elementor-swiper-button elementor-swiper-button-next\" role=\"button\" tabindex=\"0\">\n\t\t\t\t\t\t<i aria-hidden=\"true\" class=\"eicon-chevron-right\"><\/i>\t\t\t\t\t<\/div>\n\t\t\t\t\n\t\t\t\t\t\t\t\t\t<div class=\"swiper-pagination\"><\/div>\n\t\t\t\t\t\t\t\t\t<\/div>\n\t\t\t\t\t\t<\/div>\n\t\t\t\t<\/div>\n\t\t\t\t\t<\/div>\n\t\t<\/div>\n\t\t\t\t\t<\/div>\n\t\t<\/section>\n\t\t\t\t<\/div>\n\t\t","protected":false},"excerpt":{"rendered":"<p>\u0441\u0431\u043e\u0440\u043d\u044b\u0435 \u0433\u0440\u0443\u0437\u044b \u0438\u0437 \u041a\u0438\u0442\u0430\u044f \u0432 \u041c\u043e\u043b\u0434\u043e\u0432\u0443 \u0413\u0440\u0443\u043f\u043f\u0430\u0436 \u041a\u0438\u0442\u0430\u0439 &#8211; Moldova, Tianjin, Qingdao, Ningbo, Shanghai, Shenzhen.Grupaj China from $100 \u041f\u043e\u043b\u043d\u044b\u0439 \u043a\u043e\u043c\u043f\u043b\u0435\u043a\u0441 \u0443\u0441\u043b\u0443\u0433 \u0423\u0441\u043b\u0443\u0433\u0430 \u00ab\u0441\u0431\u043e\u0440\u043d\u044b\u0435 \u0433\u0440\u0443\u0437\u044b \u0438\u0437 \u041a\u0438\u0442\u0430\u044f\u00bb \u0432 \u041c\u043e\u043b\u0434\u043e\u0432\u0443 \u041f\u0440\u0435\u0434\u043b\u0430\u0433\u0430\u0435\u043c \u0432\u0430\u043c \u0430\u043a\u0442\u0443\u0430\u043b\u044c\u043d\u044b\u0439 \u043d\u0430 \u0441\u0435\u0433\u043e\u0434\u043d\u044f\u0448\u043d\u0438\u0439 \u0434\u0435\u043d\u044c \u0441\u0435\u0440\u0432\u0438\u0441 &#8211; \u043f\u0435\u0440\u0435\u0432\u043e\u0437\u043a\u0443 \u0433\u0440\u0443\u0437\u043e\u0432 \u0432 \u0441\u043e\u0441\u0442\u0430\u0432\u0435 \u0441\u0431\u043e\u0440\u043d\u043e\u0433\u043e \u043a\u043e\u043d\u0442\u0435\u0439\u043d\u0435\u0440\u0430 \u043a\u0430\u043a \u0432 \u0438\u043c\u043f\u043e\u0440\u0442\u043d\u043e\u043c, \u0442\u0430\u043a \u0438 \u0432 \u044d\u043a\u0441\u043f\u043e\u0440\u0442\u043d\u043e\u043c \u043d\u0430\u043f\u0440\u0430\u0432\u043b\u0435\u043d\u0438\u0438 \u0421\u0431\u043e\u0440\u043d\u044b\u0435 \u0433\u0440\u0443\u0437\u044b ( \u0433\u0440\u0443\u043f\u043f\u0430\u0436\u0438 ). [&hellip;]<\/p>\n","protected":false},"author":1,"featured_media":0,"parent":0,"menu_order":0,"comment_status":"closed","ping_status":"closed","template":"","meta":{"_exactmetrics_skip_tracking":false,"_exactmetrics_sitenote_active":false,"_exactmetrics_sitenote_note":"","_exactmetrics_sitenote_category":0,"_monsterinsights_skip_tracking":false,"_monsterinsights_sitenote_active":false,"_monsterinsights_sitenote_note":"","_monsterinsights_sitenote_category":0,"footnotes":""},"class_list":["post-561","page","type-page","status-publish","hentry"],"translation":{"provider":"WPGlobus","version":"3.0.2","language":"de","enabled_languages":["ru","en","de","ro"],"languages":{"ru":{"title":true,"content":true,"excerpt":false},"en":{"title":false,"content":false,"excerpt":false},"de":{"title":false,"content":false,"excerpt":false},"ro":{"title":false,"content":false,"excerpt":false}}},"aioseo_notices":[],"_links":{"self":[{"href":"https:\/\/www.flexitank.md\/de\/wp-json\/wp\/v2\/pages\/561","targetHints":{"allow":["GET"]}}],"collection":[{"href":"https:\/\/www.flexitank.md\/de\/wp-json\/wp\/v2\/pages"}],"about":[{"href":"https:\/\/www.flexitank.md\/de\/wp-json\/wp\/v2\/types\/page"}],"author":[{"embeddable":true,"href":"https:\/\/www.flexitank.md\/de\/wp-json\/wp\/v2\/users\/1"}],"replies":[{"embeddable":true,"href":"https:\/\/www.flexitank.md\/de\/wp-json\/wp\/v2\/comments?post=561"}],"version-history":[{"count":2,"href":"https:\/\/www.flexitank.md\/de\/wp-json\/wp\/v2\/pages\/561\/revisions"}],"predecessor-version":[{"id":571,"href":"https:\/\/www.flexitank.md\/de\/wp-json\/wp\/v2\/pages\/561\/revisions\/571"}],"wp:attachment":[{"href":"https:\/\/www.flexitank.md\/de\/wp-json\/wp\/v2\/media?parent=561"}],"curies":[{"name":"wp","href":"https:\/\/api.w.org\/{rel}","templated":true}]}}