{"id":201,"date":"2020-04-28T12:46:14","date_gmt":"2020-04-28T09:46:14","guid":{"rendered":"https:\/\/www.flexitank.md\/?page_id=201"},"modified":"2021-03-10T17:10:44","modified_gmt":"2021-03-10T14:10:44","slug":"%d1%83%d1%81%d0%bb%d1%83%d0%b3%d0%b8","status":"publish","type":"page","link":"https:\/\/www.flexitank.md\/de\/%d1%83%d1%81%d0%bb%d1%83%d0%b3%d0%b8\/","title":{"rendered":"Dienstleistungen"},"content":{"rendered":"<p>\n\t\t\t\t\tLKW LOGISTICS SEA\n\t\t\t\t<\/p>\n<h2>Unsere Dienstleistungen<\/h2>\n<p>Wir bieten Dienstleistungen im Bereich des Seecontainer- und Stra\u00dfentransports aus Moldawien. Internationaler Containertransport. Frachtbef\u00f6rderung. Stra\u00dfentransport fl\u00fcssiger Ladungen aus Moldawien nach Europa. Transport von Flexitanks. Multimodaler Transport. Transport von Alkohol und Destillaten.<\/p>\n<figure><a href=\"https:\/\/www.flexitank.md\/flexitank\/\"><img decoding=\"async\" src=\"https:\/\/www.flexitank.md\/wp-content\/uploads\/elementor\/thumbs\/20FT-Container-Flexitank-for-Transporting-Non-Hazardous-Liquid-Laf-Flexitank-oohqzq4cfsz7alg9i9m7rq08lvh0g9qen7td8hezt0.jpg\" title=\"20FT-Container-Flexitank-for-Transporting-Non-Hazardous-Liquid-Laf-Flexitank\" alt=\"20FT-Container-Flexitank-for-Transporting-Non-Hazardous-Liquid-Laf-Flexitank\" \/><\/a><\/figure>\n<h3><a href=\"https:\/\/www.flexitank.md\/flexitank\/\">FLEXITANK<\/a><\/h3>\n<p>Langj\u00e4hrige Erfahrung im Transport von Wein im Flexitank. &#8220;LKW LOGISTICS SEA&#8221; SRL ist das Unternehmen Nr. 1 in Moldawien, das einen kompletten Service f\u00fcr den Transport von Fl\u00fcssigg\u00fctern in Flexitanks anbietet. Wir f\u00fchren Transporte in Flexitanks Weinmaterial \/ Sonnenblumen\u00f6l \/ Saft usw. durch. Flexitank ist eine M\u00f6glichkeit, Ihre fl\u00fcssigen Ladungen zu bewegen. <\/p>\n<p>\t\t\t<a href=\"https:\/\/www.flexitank.md\/flexitank\/\" role=\"button\"><br \/>\n\t\t\t\t\t\t\u041f\u043e\u0434\u0440\u043e\u0431\u043d\u0435\u0435<br \/>\n\t\t\t\t\t<\/a><\/p>\n<figure><a href=\"https:\/\/www.flexitank.md\/container\/\"><img decoding=\"async\" src=\"https:\/\/www.flexitank.md\/wp-content\/uploads\/elementor\/thumbs\/425503_f_483_arenda-konteinera-oohyk1x0htruzhvpazd1601wep7cjcusr43oohmt38.jpg\" title=\"425503_f_483_arenda-konteinera\" alt=\"425503_f_483_arenda-konteinera\" \/><\/a><\/figure>\n<h3><a href=\"https:\/\/www.flexitank.md\/container\/\">CONTAINERVERKEHR<\/a><\/h3>\n<p>Fracht \u00fcberall auf der Welt. Die Hauptrichtung unserer T\u00e4tigkeit &#8211; die Organisation der Containerbef\u00f6rderungen aller Arten der Ladungen von einem beliebigen Punkt der Welt zu einem beliebigen Punkt der Welt durch die H\u00e4fen: Giurgiulesti, Konstanza, Iljitschewsk, Odessa, den Hafen Juschny, und auch durch die europ\u00e4ischen und russischen H\u00e4fen zu konkurrenzf\u00e4higen Preisen. <\/p>\n<p>\t\t\t<a href=\"https:\/\/www.flexitank.md\/container\/\" role=\"button\"><br \/>\n\t\t\t\t\t\t\u041f\u043e\u0434\u0440\u043e\u0431\u043d\u0435\u0435<br \/>\n\t\t\t\t\t<\/a><\/p>\n<figure><a href=\"https:\/\/www.flexitank.md\/auto\/\"><img decoding=\"async\" src=\"https:\/\/www.flexitank.md\/wp-content\/uploads\/elementor\/thumbs\/Trucks_Scania_S_650_Red_Motion_533594_3840x2400-min-scaled-oohtfz6u3tsdcl9e6ex7vga8g8hn5835g0ujbqkblw.jpg\" title=\"Trucks_Scania_S_650_Red_Motion_533594_3840x2400-min\" alt=\"Transport auto\" \/><\/a><\/figure>\n<h3><a href=\"https:\/\/www.flexitank.md\/auto\/\">G\u00dcTERTRANSPORT<\/a><\/h3>\n<p>Automobiltransport fl\u00fcssiger Ladungen aus Moldawien nach Europa und in die GUS. Der internationale Transport von Fl\u00fcssigg\u00fctern ist eine der vorrangigen Aktivit\u00e4ten von LKW LOGISTICS SEA. Wir erbringen Dienstleistungen im Bereich des Transports von Fl\u00fcssigg\u00fctern mit Tankwagen. Wenn Sie einen Tarif ben\u00f6tigen, rufen Sie uns an, und wir werden Ihnen den besten Preis auf dem moldawischen Markt anbieten.<\/p>\n<p>\t\t\t<a href=\"https:\/\/www.flexitank.md\/auto\/\" role=\"button\"><br \/>\n\t\t\t\t\t\t\u041f\u043e\u0434\u0440\u043e\u0431\u043d\u0435\u0435<br \/>\n\t\t\t\t\t<\/a><\/p>\n<figure><a href=\"https:\/\/www.flexitank.md\/containerliner\/\"><img fetchpriority=\"high\" decoding=\"async\" width=\"354\" height=\"239\" src=\"https:\/\/www.flexitank.md\/wp-content\/uploads\/2020\/04\/Insulation-liner61.jpg\" alt=\"\" srcset=\"https:\/\/www.flexitank.md\/wp-content\/uploads\/2020\/04\/Insulation-liner61.jpg 354w, https:\/\/www.flexitank.md\/wp-content\/uploads\/2020\/04\/Insulation-liner61-300x203.jpg 300w, https:\/\/www.flexitank.md\/wp-content\/uploads\/2020\/04\/Insulation-liner61-1x1.jpg 1w\" sizes=\"(max-width: 354px) 100vw, 354px\" \/><\/a><\/figure>\n<h3><a href=\"https:\/\/www.flexitank.md\/containerliner\/\">SEECONTAINER-THERMOEINSATZ<\/a><\/h3>\n<p>Spezialisierte THERMAL CONTAINER LINER-Schiffslinie zum Schutz der Ladung vor rauen Temperaturschwankungen<\/p>\n<p>\t\t\t<a href=\"https:\/\/www.flexitank.md\/containerliner\/\" role=\"button\"><br \/>\n\t\t\t\t\t\t\u041f\u043e\u0434\u0440\u043e\u0431\u043d\u0435\u0435<br \/>\n\t\t\t\t\t<\/a><\/p>\n<figure><a href=\"https:\/\/www.flexitank.md\/tankcontainer\/\"><img decoding=\"async\" src=\"https:\/\/www.flexitank.md\/wp-content\/uploads\/elementor\/thumbs\/1bIxebbRyj8-oohr09uyfbq82enlb05dq30x2yrpxwwrpxikbalq6c.jpg\" title=\"1bIxebbRyj8\" alt=\"1bIxebbRyj8\" \/><\/a><\/figure>\n<h3><a href=\"https:\/\/www.flexitank.md\/tankcontainer\/\">TANK-BEH\u00c4LTER (Tanks)<\/a><\/h3>\n<p>Der Transport von Alkohol und Destillaten LKW LOGISTICS SEA ist die Nummer 1 auf dem Markt der Republik Moldau und des Nahen Ostens. Wir sind eines der f\u00fchrenden Container-Vermietungsunternehmen der Welt.\n<\/p>\n<p>\t\t\t<a href=\"https:\/\/www.flexitank.md\/tankcontainer\/\" role=\"button\"><br \/>\n\t\t\t\t\t\t\u041f\u043e\u0434\u0440\u043e\u0431\u043d\u0435\u0435<br \/>\n\t\t\t\t\t<\/a><\/p>\n<figure><a href=\"https:\/\/www.flexitank.md\/refrijeator\/\"><img decoding=\"async\" src=\"https:\/\/www.flexitank.md\/wp-content\/uploads\/elementor\/thumbs\/Sbornye-gruzy-refrizheratorom-ooqb9wfhphjjw0qdyiiqm4wy75z96ipx631m7y1hok.jpg\" title=\"Sbornye-gruzy-refrizheratorom\" alt=\"Sbornye-gruzy-refrizheratorom\" \/><\/a><\/figure>\n<h3><a href=\"https:\/\/www.flexitank.md\/refrijeator\/\">K\u00dcHLTRANSPORTE PER LKW<\/a><\/h3>\n<p>LKW LOGISTICS SEA ist ein Unternehmen, das sich auf den Transport von temperaturgef\u00fchrten G\u00fctern spezialisiert hat. Unsere Pflicht gegen\u00fcber dem Kunden ist es, eine qualitativ hochwertige Logistik zu bieten und gegen\u00fcber Kunden und Verbrauchern verantwortlich zu sein.  <\/p>\n<p>\t\t\t<a href=\"https:\/\/www.flexitank.md\/refrijeator\/\" role=\"button\"><br \/>\n\t\t\t\t\t\t\u041f\u043e\u0434\u0440\u043e\u0431\u043d\u0435\u0435<br \/>\n\t\t\t\t\t<\/a><\/p>\n<figure><a href=\"https:\/\/www.flexitank.md\/ustanovka-flexitank\/\"><img decoding=\"async\" src=\"https:\/\/www.flexitank.md\/wp-content\/uploads\/elementor\/thumbs\/unnamed-ooqa4jj4zwxd1ot3gmxowkmt8ttuhyj3hdoi1nd3gk.jpg\" title=\"unnamed\" alt=\"unnamed\" \/><\/a><\/figure>\n<h3><a href=\"https:\/\/www.flexitank.md\/ustanovka-flexitank\/\">FLEXITANKS-INSTALLATIONSDIENSTE<\/a><\/h3>\n<p>LKW LOGSTICS SEA bietet Dienstleistungen f\u00fcr die Installation von Flexitanks an, unsere Spezialisten reisen zum Verladeort und installieren Ihren Flexitank nach den erforderlichen Normen und Standards. Der Flexitank wird in einem von unserem Unternehmen bereitgestellten 20-Fu\u00df-Container oder in Ihrem eigenen Container installiert.<\/p>\n<p>\t\t\t<a href=\"https:\/\/www.flexitank.md\/ustanovka-flexitank\/\" role=\"button\"><br \/>\n\t\t\t\t\t\t\u041f\u043e\u0434\u0440\u043e\u0431\u043d\u0435\u0435<br \/>\n\t\t\t\t\t<\/a><\/p>\n<figure><a href=\"https:\/\/www.flexitank.md\/prodaja\/\"><img decoding=\"async\" src=\"https:\/\/www.flexitank.md\/wp-content\/uploads\/elementor\/thumbs\/unnamed-1-ooqbhnlk3a5po7gvod6xoogumlr9omi78gstr4jkck.jpg\" title=\"unnamed\" alt=\"unnamed\" \/><\/a><\/figure>\n<h3><a href=\"https:\/\/www.flexitank.md\/prodaja\/\">FLEXITANK ZU VERKAUFEN<\/a><\/h3>\n<p>LKW LOGISTICS SEA ist ein offizieller H\u00e4ndler auf dem moldawischen Markt und verkauft Flexitanks der Marken LAF (China) und INFINITY (Malaysia). Das Unternehmen, das Flexitanks LAF herstellt, ist eines der gr\u00f6\u00dften Unternehmen der Welt, das flexible Beh\u00e4lter f\u00fcr den Transport von Fl\u00fcssigkeiten herstellt. Die LAF-Flexitanks geh\u00f6ren zu den zuverl\u00e4ssigsten und haltbarsten der Welt. <\/p>\n<figure><a href=\"https:\/\/www.flexitank.md\/prodaja\/\"><img decoding=\"async\" src=\"https:\/\/www.flexitank.md\/wp-content\/uploads\/elementor\/thumbs\/1-1-p40kcdbxt3x2seqx8ur4enm3nmdq6kddye8vw0bef8.jpg\" title=\"1\" alt=\"1\" \/><\/a><\/figure>\n<h3><a href=\"https:\/\/www.flexitank.md\/prodaja\/\">Sammellieferungen aus China nach Moldawien<\/a><\/h3>\n<p>Wir bieten den aktuellen Service &#8211; den Transport von G\u00fctern in Sammelcontainern sowohl f\u00fcr Import- als auch f\u00fcr Exportziele<br \/>\nSammelladung ( groupage ). Sammelladung und ganze Container zu den besten Preisen und Bedingungen, die f\u00fcr alle Parteien g\u00fcnstig sind.<br \/>\nLieferungen von jeglichen Waren, Ger\u00e4ten, Rohstoffen, Elektronik, Haushaltswaren, M\u00f6beln, Baumaterialien etc.<\/p>\n<p>\t\t\t<a href=\"https:\/\/www.flexitank.md\/%d1%81%d0%b1%d0%be%d1%80%d0%bd%d1%8b%d0%b5-%d0%b3%d1%80%d1%83%d0%b7%d1%8b-%d0%b8%d0%b7-%d0%ba%d0%b8%d1%82%d0%b0%d1%8f-%d0%b2-%d0%bc%d0%be%d0%bb%d0%b4%d0%be%d0%b2%d1%83\/\" role=\"button\"><br \/>\n\t\t\t\t\t\t\u041f\u043e\u0434\u0440\u043e\u0431\u043d\u0435\u0435<br \/>\n\t\t\t\t\t<\/a><\/p>\n<figure><img decoding=\"async\" src=\"https:\/\/www.flexitank.md\/wp-content\/uploads\/elementor\/thumbs\/UKur5cDvRhiCtQTwkf5v-ooi72vehbzsapa7ip3u0k2rgxixk2lwlxq6f30pk1w.jpg\" title=\"MDflex\" alt=\"MDflex\" \/><\/figure>\n<h3>LKW-FLEXITANK<\/h3>\n<p>MD-Flex erm\u00f6glicht Ihnen den Transport von Fl\u00fcssigkeiten in Planenanh\u00e4ngern, K\u00fchlfahrzeugen (Isotherm) unter Verwendung unserer innovativen Fl\u00fcssigtransporttechnologie.<\/p>\n<p>\t\t\t<a href=\"https:\/\/www.flexitank.md\/\" role=\"button\"><br \/>\n\t\t\t\t\t\t\u041f\u043e\u0434\u0440\u043e\u0431\u043d\u0435\u0435<br \/>\n\t\t\t\t\t<\/a><\/p>\n","protected":false},"excerpt":{"rendered":"<p>LKW LOGISTICS SEA Unsere Dienstleistungen Wir bieten Dienstleistungen im Bereich des Seecontainer- und Stra\u00dfentransports aus Moldawien. Internationaler Containertransport. Frachtbef\u00f6rderung. Stra\u00dfentransport fl\u00fcssiger Ladungen aus Moldawien nach Europa. Transport von Flexitanks. Multimodaler Transport. Transport von Alkohol und Destillaten. FLEXITANK Langj\u00e4hrige Erfahrung im Transport von Wein im Flexitank. &#8220;LKW LOGISTICS SEA&#8221; SRL ist das Unternehmen Nr. 1 in [&hellip;]<\/p>\n","protected":false},"author":1,"featured_media":0,"parent":0,"menu_order":0,"comment_status":"closed","ping_status":"closed","template":"","meta":{"_exactmetrics_skip_tracking":false,"_exactmetrics_sitenote_active":false,"_exactmetrics_sitenote_note":"","_exactmetrics_sitenote_category":0,"_monsterinsights_skip_tracking":false,"_monsterinsights_sitenote_active":false,"_monsterinsights_sitenote_note":"","_monsterinsights_sitenote_category":0,"footnotes":""},"class_list":["post-201","page","type-page","status-publish","hentry"],"translation":{"provider":"WPGlobus","version":"3.0.2","language":"de","enabled_languages":["ru","en","de","ro"],"languages":{"ru":{"title":true,"content":true,"excerpt":false},"en":{"title":true,"content":true,"excerpt":false},"de":{"title":true,"content":true,"excerpt":false},"ro":{"title":true,"content":true,"excerpt":false}}},"aioseo_notices":[],"_links":{"self":[{"href":"https:\/\/www.flexitank.md\/de\/wp-json\/wp\/v2\/pages\/201","targetHints":{"allow":["GET"]}}],"collection":[{"href":"https:\/\/www.flexitank.md\/de\/wp-json\/wp\/v2\/pages"}],"about":[{"href":"https:\/\/www.flexitank.md\/de\/wp-json\/wp\/v2\/types\/page"}],"author":[{"embeddable":true,"href":"https:\/\/www.flexitank.md\/de\/wp-json\/wp\/v2\/users\/1"}],"replies":[{"embeddable":true,"href":"https:\/\/www.flexitank.md\/de\/wp-json\/wp\/v2\/comments?post=201"}],"version-history":[{"count":29,"href":"https:\/\/www.flexitank.md\/de\/wp-json\/wp\/v2\/pages\/201\/revisions"}],"predecessor-version":[{"id":579,"href":"https:\/\/www.flexitank.md\/de\/wp-json\/wp\/v2\/pages\/201\/revisions\/579"}],"wp:attachment":[{"href":"https:\/\/www.flexitank.md\/de\/wp-json\/wp\/v2\/media?parent=201"}],"curies":[{"name":"wp","href":"https:\/\/api.w.org\/{rel}","templated":true}]}}